{"id":986,"date":"2020-03-01T09:50:41","date_gmt":"2020-03-01T08:50:41","guid":{"rendered":"http:\/\/viersindausgeflogen.de\/?page_id=986"},"modified":"2020-08-22T09:38:51","modified_gmt":"2020-08-22T08:38:51","slug":"koh-phangan","status":"publish","type":"page","link":"https:\/\/viersindausgeflogen.de\/?page_id=986","title":{"rendered":"Koh Phangan"},"content":{"rendered":"\n<p><\/p>\n\n\n\n<h2 class=\"wp-block-heading\">Koh Phangan- unsere Herzinsel<\/h2>\n\n\n\n<p>Koh Phangan erlangte Popularit\u00e4t aufgrund der ber\u00fchmt ber\u00fcchtigten monatlich stattfindenden Full Moon Party. Sicherlich ein Ereignis bei dem die  Geister sich scheiden. W\u00e4ren wir kinderlos, w\u00fcrden wir es uns dennoch auf alle F\u00e4lle einmal \u201eantun\u201c. <br>Wir haben den Partystrand Haad Rin ausserhalb der Partyzeit kennengelernt und k\u00f6nnen nur von einem wei\u00dfen Pulverstrand mit herrlich t\u00fcrkisfarbenem Wasser berichten. Lediglich die Strassen und Partylocations, die uns auf Vodka Bull &amp;Co.in Eimern hinweisen und die neonfarbene Bekleidung und Accessoires, die \u00fcberall angeboten werden, lassen uns ahnen, was bei Vollmond hier los ist.<\/p>\n\n\n\n<p>Solltet ihr aber doch zur Vollmondzeit auf Koh Phangan sein und Ruhe wollen, so ist das gar kein Problem, an den Str\u00e4nden, die etwas weiter weg von Haad Rin sind, bekommt man von der Party gar nichts mit.<br>Phangan hat wirklich viele sch\u00f6ne Str\u00e4nde und in den Sommermonaten ist an der Westk\u00fcste viel Ebbe und man kann dort mit Kindern entspannt im Wasser plantschen, Burgen bauen etc. zum Schwimmen ist dann eher die Ostseite geeignet. Insgesamt ist Koh Phangan einfach entspannter als die gro\u00dfe Schwester Samui und auch nicht ganz so touristisch. Die Fortbewegung ohne Roller ist nicht ganz einfach, entweder man f\u00e4hrt mit dem Songthaew, also Sammeltaxi oder l\u00e4sst sich vom Hotel einen privaten Fahrer etc. organisieren. An diverse Str\u00e4nde kommt man auch per Taxiboat, diese bucht man entweder beim Fahrer direkt oder irgendwo in einer kleinen Agentur.<\/p>\n\n\n\n<p><\/p>\n\n\n\n<p><br><\/p>\n\n\n\n<div class=\"wp-block-media-text alignwide\"><figure class=\"wp-block-media-text__media\"><img loading=\"lazy\" decoding=\"async\" width=\"768\" height=\"1024\" src=\"http:\/\/viersindausgeflogen.de\/wp-content\/uploads\/2020\/03\/77A22A53-99B9-4D62-B19C-ABF476782FD5-768x1024.jpeg\" alt=\"\" class=\"wp-image-1075\" srcset=\"https:\/\/viersindausgeflogen.de\/wp-content\/uploads\/2020\/03\/77A22A53-99B9-4D62-B19C-ABF476782FD5-768x1024.jpeg 768w, https:\/\/viersindausgeflogen.de\/wp-content\/uploads\/2020\/03\/77A22A53-99B9-4D62-B19C-ABF476782FD5-225x300.jpeg 225w, https:\/\/viersindausgeflogen.de\/wp-content\/uploads\/2020\/03\/77A22A53-99B9-4D62-B19C-ABF476782FD5-1152x1536.jpeg 1152w, https:\/\/viersindausgeflogen.de\/wp-content\/uploads\/2020\/03\/77A22A53-99B9-4D62-B19C-ABF476782FD5.jpeg 1536w\" sizes=\"auto, (max-width: 768px) 100vw, 768px\" \/><\/figure><div class=\"wp-block-media-text__content\">\n<h2 class=\"wp-block-heading\">Die Anreise<\/h2>\n\n\n\n<p>Koh Phangan kann nur via F\u00e4hre erreicht werden. Der schnellste und teuerste Weg ist ein Flug nach Koh Samui und dann mit der F\u00e4hre nach Phangan. <br>Es gibt aber auch g\u00fcnstigere Alternativen. <\/p>\n\n\n\n<p>Eine M\u00f6glichkeit ist die,ein <strong>Flug<\/strong> nach Suratthani zu nehmen und dann per F\u00e4hre nach Koh Phangan.<a href=\"http:\/\/www.nokair.com\">Nok Air<\/a> bietet z.B. ein Kombiticket.Richtig g\u00fcnstig wird das Ticket, wenn man nur mit Handgep\u00e4ck reist. Der Ablauf ist perfekt organisiert.<\/p>\n<\/div><\/div>\n\n\n\n<p>Man bekommt einen Aufkleber mit Reiseziel und wird dann an allen notwendigen Stationen entsprechend \u201eabgefertigt\u201c. Wenn wir mal unsicher waren, haben wir uns einfach an den Aufkleber der anderen orientiert, also wirklich easy. Wir waren mit Nok Air zufrieden, der Transport an Land und zu Wasser wurde von Lomprayah durchgef\u00fchrt.<\/p>\n\n\n\n<p>Eine weitere Alternative ist die Anreise per <strong>Nachtzug<\/strong> bis Surathani. Es fahren jeden Abend 2. Z\u00fcge vom Hua Lamphong Bahnhof in Bangkok ab. Die Tickets bekommt man direkt am Bahnhof oder wem das zu riskant ist, bei 12go.asia kann man vorab reservieren bzw. auch direkt ein Kombiticket buchen.Kinder kosten etwas weniger und sind unter 90 cm sogar kostenlos. Da beide unserer Kinderr \u00fcber 90cm waren, mussten wir 4 Betten buchen, die Kinder d\u00fcrfen \u00fcbrigens nicht in den oberen Betten schlafen, wegen der Rausfallgefahr. Die unteren Betten sind etwas breiter, unsere beiden Kinder haben daher auch bei uns geschlafen, das eine obere Bett haben wir an eine Hochschwangere Thai verschenkt, die sich sehr gefreut hat.  Die Zugfahrt dauert zwar relativ lange, man ist gegen 5h in Suratthani, aber da man ja schlafen kann ( also theoretisch) ist das halb so wild.Es laufen auch immer wieder H\u00e4ndler durch den Zug, bei denen man Essen oder Getr\u00e4nke kaufen kann, ich fand diese eher nervig, da sie immer sehr laut waren und wir uns in Bangkok bereits ein paar Knabbereien und Getr\u00e4nke gekauft hatten. Ich habe \u00fcbrigens versucht die Zugtoilette zu meiden, was im Nachhinein ein Fehler war, da die Zugtoilette, wenn man es so nennen kann, wesentlich sauberer war, als die Toiletten am Bahnhof in Surathani. Der Schaffner hat \u00fcbrigens eine Liste, wer wo raus muss und weckt einem so 15 Minuten vor dem Ziel. Die Jungs waren begeistert und fanden die Zugfahrt ein Abenteuer. Auch hier wird  man nach dem Ausstieg direkt abgepasst und bekommt Aufkleber oder kann dann noch Tickets f\u00fcr Bus und F\u00e4hre kaufen, sofern man keine Kombiticket erstanden hat. Hier ein Einblick in die Zugfahrt&#8230;<\/p>\n\n\n\n<div id=\"metaslider-id-1084\" style=\"width: 100%;\" class=\"ml-slider-3-109-0 metaslider metaslider-flex metaslider-1084 ml-slider has-dots-nav ms-theme-default\" role=\"region\" aria-label=\"New Slideshow\" data-height=\"300\" data-width=\"700\">\n    <div id=\"metaslider_container_1084\">\n        <div id=\"metaslider_1084\">\n            <ul class='slides'>\n                <li style=\"display: block; width: 100%;\" class=\"slide-1091 ms-image \" aria-roledescription=\"slide\" data-date=\"2020-03-01 15:08:52\" data-filename=\"99D47788-66CF-4AD8-AAE1-0945A67137C5-700x300.jpeg\" data-slide-type=\"image\"><img loading=\"lazy\" decoding=\"async\" src=\"https:\/\/viersindausgeflogen.de\/wp-content\/uploads\/2020\/03\/99D47788-66CF-4AD8-AAE1-0945A67137C5-700x300.jpeg\" height=\"300\" width=\"700\" alt=\"\" class=\"slider-1084 slide-1091 msDefaultImage\" title=\"99D47788-66CF-4AD8-AAE1-0945A67137C5\" \/><\/li>\n                <li style=\"display: none; width: 100%;\" class=\"slide-1093 ms-image \" aria-roledescription=\"slide\" data-date=\"2020-03-01 15:09:10\" data-filename=\"49785E42-7204-4389-8DA0-407E2D65106A-700x300.jpeg\" data-slide-type=\"image\"><img loading=\"lazy\" decoding=\"async\" src=\"https:\/\/viersindausgeflogen.de\/wp-content\/uploads\/2020\/03\/49785E42-7204-4389-8DA0-407E2D65106A-700x300.jpeg\" height=\"300\" width=\"700\" alt=\"\" class=\"slider-1084 slide-1093 msDefaultImage\" title=\"49785E42-7204-4389-8DA0-407E2D65106A\" \/><\/li>\n                <li style=\"display: none; width: 100%;\" class=\"slide-1094 ms-image \" aria-roledescription=\"slide\" data-date=\"2020-03-01 15:09:21\" data-filename=\"70626C13-9A2C-4AD7-9479-18D5F584E4DC-700x300.jpeg\" data-slide-type=\"image\"><img loading=\"lazy\" decoding=\"async\" src=\"https:\/\/viersindausgeflogen.de\/wp-content\/uploads\/2020\/03\/70626C13-9A2C-4AD7-9479-18D5F584E4DC-700x300.jpeg\" height=\"300\" width=\"700\" alt=\"\" class=\"slider-1084 slide-1094 msDefaultImage\" title=\"70626C13-9A2C-4AD7-9479-18D5F584E4DC\" \/><\/li>\n                <li style=\"display: none; width: 100%;\" class=\"slide-1097 ms-image \" aria-roledescription=\"slide\" data-date=\"2020-03-01 15:24:46\" data-filename=\"B6C58668-7E91-45EB-8225-7A01260D724A-700x300.jpeg\" data-slide-type=\"image\"><img loading=\"lazy\" decoding=\"async\" src=\"https:\/\/viersindausgeflogen.de\/wp-content\/uploads\/2020\/03\/B6C58668-7E91-45EB-8225-7A01260D724A-700x300.jpeg\" height=\"300\" width=\"700\" alt=\"\" class=\"slider-1084 slide-1097 msDefaultImage\" title=\"B6C58668-7E91-45EB-8225-7A01260D724A\" \/><\/li>\n                <li style=\"display: none; width: 100%;\" class=\"slide-1102 ms-image \" aria-roledescription=\"slide\" data-date=\"2020-03-01 15:30:03\" data-filename=\"1641CE73-1E4A-41C6-BD0A-BC6452F027D2-700x300.jpeg\" data-slide-type=\"image\"><img loading=\"lazy\" decoding=\"async\" src=\"https:\/\/viersindausgeflogen.de\/wp-content\/uploads\/2020\/03\/1641CE73-1E4A-41C6-BD0A-BC6452F027D2-700x300.jpeg\" height=\"300\" width=\"700\" alt=\"\" class=\"slider-1084 slide-1102 msDefaultImage\" title=\"1641CE73-1E4A-41C6-BD0A-BC6452F027D2\" \/><\/li>\n                <li style=\"display: none; width: 100%;\" class=\"slide-1104 ms-image \" aria-roledescription=\"slide\" data-date=\"2020-03-01 15:31:06\" data-filename=\"D461A327-2F07-43CF-921D-1B63FB68EEF1-700x300.jpeg\" data-slide-type=\"image\"><img loading=\"lazy\" decoding=\"async\" src=\"https:\/\/viersindausgeflogen.de\/wp-content\/uploads\/2020\/03\/D461A327-2F07-43CF-921D-1B63FB68EEF1-700x300.jpeg\" height=\"300\" width=\"700\" alt=\"\" class=\"slider-1084 slide-1104 msDefaultImage\" title=\"D461A327-2F07-43CF-921D-1B63FB68EEF1\" \/><\/li>\n            <\/ul>\n        <\/div>\n        \n    <\/div>\n<\/div>\n\n\n\n<figure class=\"wp-block-embed-youtube wp-block-embed is-type-video is-provider-youtube wp-embed-aspect-4-3 wp-has-aspect-ratio\"><div class=\"wp-block-embed__wrapper\">\n<iframe loading=\"lazy\" title=\"Nachtzug Bangkok- Surathani\" width=\"688\" height=\"516\" src=\"https:\/\/www.youtube.com\/embed\/MqHFIJdVLtg?feature=oembed\" frameborder=\"0\" allow=\"accelerometer; autoplay; encrypted-media; gyroscope; picture-in-picture\" allowfullscreen><\/iframe>\n<\/div><\/figure>\n\n\n\n<p>Vom Sitz zum Bett<br><br><\/p>\n\n\n\n<h2 class=\"wp-block-heading\">Was unternehmen auf Koh Phangan?<br><\/h2>\n\n\n\n<p>Also ehrlich gesagt, haben wir unsere Zeit meist mit nichts tun verbracht, mal abgesehen von Strandmassagen, essen oder schwimmen gehen&#8230;.<br>Als wir das erste mal auf Koh Phangan waren, haben wir die Insel mir <a href=\"http:\/\/www.venatours.com\">Venatours<\/a> erkundet. Veith und Nadine sind Deutsche,die auf Samui leben und eben auf Phangan auch Touren auf Deutsch anbieten. Uns war da wichtig, damit die Kinder sich nicht langweilen. Im Pickup f\u00e4hrt man verschiedene Sehensw\u00fcrdigkeiten wie den Than Sadet Wasserfall, den chinesischen Tempel oder einen Koko\u00dfnussfarm an. F\u00fcr die Kinder ein Highlight-das beste Eis der Insel&#8230;. der Tag war kurzweilig und wir k\u00f6nnen die Tour daher guten Gewissens empfehlen. <br>Mit \u00e4lteren Kindern, so ab 5 Jahren, ist auch der in der N\u00e4he gelegene Angthong Marine Nationalpark. Unseren Bericht dazu <a href=\"http:\/\/viersindausgeflogen.de\/?page_id=1285\">hier<\/a>.<\/p>\n\n\n\n<p>Ausserdem, immer lohnenswert ist ein Besuch der Walking Street in Thong Sala, die immer freitags ab 17h stattfindet. Hier haben wir immer gut gegessen und getrunken und nebenan im Park kann man sich auch einfach hinsetzen und die Einheimischen beim Sekap Takraw beobachten und zusehen, wie sie den geflochtenen Ball akrobatisch \u00fcbers Netz man\u00f6vrieren.<\/p>\n\n\n\n<p>\u00dcbers Hotel haben wir auch mal an einer Jungle Safari teilgenommen, wobei man zwischen unterschiedlichen Routen w\u00e4hlen kann. Wir wollen unbedingt eine Tour ohne Elefantenreiten, allerdings haben wir den Stopp dann doch eingelegt, aber nat\u00fcrlich nicht teilgenommen! F\u00fcr die Tour sollten die Kinder sich gut festhalten k\u00f6nnen, es geht durchs Gel\u00e4nde und man wird ganz sch\u00f6n durchgesch\u00fcttelt, wir hatten es zugegebenerma\u00dfen etwas untersch\u00e4tzt! Es hat zwar wirklich viel Spa\u00df gemacht, aber es ist definitiv nicht ungef\u00e4hrlich, auch wenn wir das Gef\u00fchl hatten, dass der Fahrer alles unter Kontrolle hatte.<\/p>\n\n\n\n<figure class=\"wp-block-gallery columns-2 is-cropped wp-block-gallery-1 is-layout-flex wp-block-gallery-is-layout-flex\"><ul class=\"blocks-gallery-grid\"><li class=\"blocks-gallery-item\"><figure><img loading=\"lazy\" decoding=\"async\" width=\"1024\" height=\"768\" src=\"http:\/\/viersindausgeflogen.de\/wp-content\/uploads\/2020\/03\/884A9D97-C25A-4123-B0C0-BC04CF6AB8BD-1024x768.jpeg\" alt=\"\" data-id=\"1261\" data-full-url=\"http:\/\/viersindausgeflogen.de\/wp-content\/uploads\/2020\/03\/884A9D97-C25A-4123-B0C0-BC04CF6AB8BD.jpeg\" data-link=\"http:\/\/viersindausgeflogen.de\/?attachment_id=1261\" class=\"wp-image-1261\" srcset=\"https:\/\/viersindausgeflogen.de\/wp-content\/uploads\/2020\/03\/884A9D97-C25A-4123-B0C0-BC04CF6AB8BD-1024x768.jpeg 1024w, https:\/\/viersindausgeflogen.de\/wp-content\/uploads\/2020\/03\/884A9D97-C25A-4123-B0C0-BC04CF6AB8BD-300x225.jpeg 300w, https:\/\/viersindausgeflogen.de\/wp-content\/uploads\/2020\/03\/884A9D97-C25A-4123-B0C0-BC04CF6AB8BD-768x576.jpeg 768w, https:\/\/viersindausgeflogen.de\/wp-content\/uploads\/2020\/03\/884A9D97-C25A-4123-B0C0-BC04CF6AB8BD-1536x1152.jpeg 1536w, https:\/\/viersindausgeflogen.de\/wp-content\/uploads\/2020\/03\/884A9D97-C25A-4123-B0C0-BC04CF6AB8BD-1600x1200.jpeg 1600w\" sizes=\"auto, (max-width: 1024px) 100vw, 1024px\" \/><\/figure><\/li><li class=\"blocks-gallery-item\"><figure><img loading=\"lazy\" decoding=\"async\" width=\"1024\" height=\"768\" src=\"http:\/\/viersindausgeflogen.de\/wp-content\/uploads\/2020\/03\/22E2005B-8B9A-472E-B1F7-C3B7DBE13378-1024x768.jpeg\" alt=\"\" data-id=\"1260\" data-full-url=\"http:\/\/viersindausgeflogen.de\/wp-content\/uploads\/2020\/03\/22E2005B-8B9A-472E-B1F7-C3B7DBE13378.jpeg\" data-link=\"http:\/\/viersindausgeflogen.de\/?attachment_id=1260\" class=\"wp-image-1260\" srcset=\"https:\/\/viersindausgeflogen.de\/wp-content\/uploads\/2020\/03\/22E2005B-8B9A-472E-B1F7-C3B7DBE13378-1024x768.jpeg 1024w, https:\/\/viersindausgeflogen.de\/wp-content\/uploads\/2020\/03\/22E2005B-8B9A-472E-B1F7-C3B7DBE13378-300x225.jpeg 300w, https:\/\/viersindausgeflogen.de\/wp-content\/uploads\/2020\/03\/22E2005B-8B9A-472E-B1F7-C3B7DBE13378-768x576.jpeg 768w, https:\/\/viersindausgeflogen.de\/wp-content\/uploads\/2020\/03\/22E2005B-8B9A-472E-B1F7-C3B7DBE13378-1536x1152.jpeg 1536w, https:\/\/viersindausgeflogen.de\/wp-content\/uploads\/2020\/03\/22E2005B-8B9A-472E-B1F7-C3B7DBE13378-1600x1200.jpeg 1600w\" sizes=\"auto, (max-width: 1024px) 100vw, 1024px\" \/><\/figure><\/li><\/ul><figcaption class=\"blocks-gallery-caption\">Tour mit <a href=\"http:\/\/www.phanganjungle.com\">Phangan Jungle<\/a> <\/figcaption><\/figure>\n\n\n\n<p><\/p>\n\n\n\n<p>Abraten m\u00f6chten wir hier von jeglichen Tiershows, Elefantenreiten usw.!!!<\/p>\n\n\n\n<h2 class=\"wp-block-heading\"><br>Unser Tipp:<\/h2>\n\n\n\n<p>Ein Besuch der 2C Bar am Thong Nai Pan Nai. Auch hier sollten die Kinder etwas \u00e4lter sein, mit Sicherheitsvorkehrungen nehmen es die Thais nicht so genau und das Gel\u00e4nder bei der oberenTerrasse ist nicht vorhanden bzw. stolze 40 cm hoch. Tags\u00fcber ist die Bar nicht \u00fcberlaufen und wir waren kurzzeitig sogar ganz allein.<\/p>\n\n\n\n<figure class=\"wp-block-gallery columns-3 is-cropped wp-block-gallery-2 is-layout-flex wp-block-gallery-is-layout-flex\"><ul class=\"blocks-gallery-grid\"><li class=\"blocks-gallery-item\"><figure><img loading=\"lazy\" decoding=\"async\" width=\"1024\" height=\"768\" src=\"http:\/\/viersindausgeflogen.de\/wp-content\/uploads\/2020\/03\/22D6CCDC-8F60-4035-9E9D-AD2B90342B96-1024x768.jpeg\" alt=\"\" data-id=\"1116\" data-full-url=\"http:\/\/viersindausgeflogen.de\/wp-content\/uploads\/2020\/03\/22D6CCDC-8F60-4035-9E9D-AD2B90342B96.jpeg\" data-link=\"http:\/\/viersindausgeflogen.de\/?attachment_id=1116\" class=\"wp-image-1116\" srcset=\"https:\/\/viersindausgeflogen.de\/wp-content\/uploads\/2020\/03\/22D6CCDC-8F60-4035-9E9D-AD2B90342B96-1024x768.jpeg 1024w, https:\/\/viersindausgeflogen.de\/wp-content\/uploads\/2020\/03\/22D6CCDC-8F60-4035-9E9D-AD2B90342B96-300x225.jpeg 300w, https:\/\/viersindausgeflogen.de\/wp-content\/uploads\/2020\/03\/22D6CCDC-8F60-4035-9E9D-AD2B90342B96-768x576.jpeg 768w, https:\/\/viersindausgeflogen.de\/wp-content\/uploads\/2020\/03\/22D6CCDC-8F60-4035-9E9D-AD2B90342B96-1536x1152.jpeg 1536w, https:\/\/viersindausgeflogen.de\/wp-content\/uploads\/2020\/03\/22D6CCDC-8F60-4035-9E9D-AD2B90342B96-1600x1200.jpeg 1600w, https:\/\/viersindausgeflogen.de\/wp-content\/uploads\/2020\/03\/22D6CCDC-8F60-4035-9E9D-AD2B90342B96.jpeg 2048w\" sizes=\"auto, (max-width: 1024px) 100vw, 1024px\" \/><\/figure><\/li><li class=\"blocks-gallery-item\"><figure><img loading=\"lazy\" decoding=\"async\" width=\"1024\" height=\"768\" src=\"http:\/\/viersindausgeflogen.de\/wp-content\/uploads\/2020\/03\/C7D8B403-E57F-4734-8751-DB9CED00F945-1024x768.jpeg\" alt=\"\" data-id=\"1115\" data-full-url=\"http:\/\/viersindausgeflogen.de\/wp-content\/uploads\/2020\/03\/C7D8B403-E57F-4734-8751-DB9CED00F945.jpeg\" data-link=\"http:\/\/viersindausgeflogen.de\/?attachment_id=1115\" class=\"wp-image-1115\" srcset=\"https:\/\/viersindausgeflogen.de\/wp-content\/uploads\/2020\/03\/C7D8B403-E57F-4734-8751-DB9CED00F945-1024x768.jpeg 1024w, https:\/\/viersindausgeflogen.de\/wp-content\/uploads\/2020\/03\/C7D8B403-E57F-4734-8751-DB9CED00F945-300x225.jpeg 300w, https:\/\/viersindausgeflogen.de\/wp-content\/uploads\/2020\/03\/C7D8B403-E57F-4734-8751-DB9CED00F945-768x576.jpeg 768w, https:\/\/viersindausgeflogen.de\/wp-content\/uploads\/2020\/03\/C7D8B403-E57F-4734-8751-DB9CED00F945-1536x1152.jpeg 1536w, https:\/\/viersindausgeflogen.de\/wp-content\/uploads\/2020\/03\/C7D8B403-E57F-4734-8751-DB9CED00F945-1600x1200.jpeg 1600w, https:\/\/viersindausgeflogen.de\/wp-content\/uploads\/2020\/03\/C7D8B403-E57F-4734-8751-DB9CED00F945.jpeg 2048w\" sizes=\"auto, (max-width: 1024px) 100vw, 1024px\" \/><\/figure><\/li><li class=\"blocks-gallery-item\"><figure><img loading=\"lazy\" decoding=\"async\" width=\"768\" height=\"1024\" src=\"http:\/\/viersindausgeflogen.de\/wp-content\/uploads\/2020\/02\/D906F56E-CF5D-43C7-84CE-7C0B44F254EA-768x1024.jpeg\" alt=\"\" data-id=\"996\" data-full-url=\"http:\/\/viersindausgeflogen.de\/wp-content\/uploads\/2020\/02\/D906F56E-CF5D-43C7-84CE-7C0B44F254EA.jpeg\" data-link=\"http:\/\/viersindausgeflogen.de\/?attachment_id=996\" class=\"wp-image-996\" srcset=\"https:\/\/viersindausgeflogen.de\/wp-content\/uploads\/2020\/02\/D906F56E-CF5D-43C7-84CE-7C0B44F254EA-768x1024.jpeg 768w, https:\/\/viersindausgeflogen.de\/wp-content\/uploads\/2020\/02\/D906F56E-CF5D-43C7-84CE-7C0B44F254EA-225x300.jpeg 225w, https:\/\/viersindausgeflogen.de\/wp-content\/uploads\/2020\/02\/D906F56E-CF5D-43C7-84CE-7C0B44F254EA-1152x1536.jpeg 1152w, https:\/\/viersindausgeflogen.de\/wp-content\/uploads\/2020\/02\/D906F56E-CF5D-43C7-84CE-7C0B44F254EA.jpeg 1536w\" sizes=\"auto, (max-width: 768px) 100vw, 768px\" \/><\/figure><\/li><\/ul><\/figure>\n\n\n\n<p><br><\/p>\n\n\n\n<h2 class=\"wp-block-heading\"><a href=\"http:\/\/viersindausgeflogen.de\/?page_id=440\">Hier<\/a> findet ihr unsere Hoteltipps<\/h2>\n\n\n\n<p><\/p>\n\n\n\n<p><br><\/p>\n","protected":false},"excerpt":{"rendered":"<p>Koh Phangan- unsere Herzinsel Koh Phangan erlangte Popularit\u00e4t aufgrund der ber\u00fchmt ber\u00fcchtigten monatlich stattfindenden Full Moon Party. Sicherlich ein Ereignis&hellip;<\/p>\n","protected":false},"author":1,"featured_media":0,"parent":0,"menu_order":0,"comment_status":"closed","ping_status":"closed","template":"","meta":{"footnotes":""},"class_list":["post-986","page","type-page","status-publish","hentry"],"yoast_head":"<!-- This site is optimized with the Yoast SEO plugin v27.5 - https:\/\/yoast.com\/product\/yoast-seo-wordpress\/ -->\n<title>Koh Phangan - Viersindausgeflogen<\/title>\n<meta name=\"robots\" content=\"index, follow, max-snippet:-1, max-image-preview:large, max-video-preview:-1\" \/>\n<link rel=\"canonical\" href=\"https:\/\/viersindausgeflogen.de\/?page_id=986\" \/>\n<meta property=\"og:locale\" content=\"de_DE\" \/>\n<meta property=\"og:type\" content=\"article\" \/>\n<meta property=\"og:title\" content=\"Koh Phangan - Viersindausgeflogen\" \/>\n<meta property=\"og:description\" content=\"Koh Phangan- unsere Herzinsel Koh Phangan erlangte Popularit\u00e4t aufgrund der ber\u00fchmt ber\u00fcchtigten monatlich stattfindenden Full Moon Party. Sicherlich ein Ereignis&hellip;\" \/>\n<meta property=\"og:url\" content=\"https:\/\/viersindausgeflogen.de\/?page_id=986\" \/>\n<meta property=\"og:site_name\" content=\"Viersindausgeflogen\" \/>\n<meta property=\"article:modified_time\" content=\"2020-08-22T08:38:51+00:00\" \/>\n<meta property=\"og:image\" content=\"http:\/\/viersindausgeflogen.de\/wp-content\/uploads\/2020\/03\/77A22A53-99B9-4D62-B19C-ABF476782FD5-768x1024.jpeg\" \/>\n<meta name=\"twitter:card\" content=\"summary_large_image\" \/>\n<meta name=\"twitter:label1\" content=\"Gesch\u00e4tzte Lesezeit\" \/>\n\t<meta name=\"twitter:data1\" content=\"5\u00a0Minuten\" \/>\n<script type=\"application\/ld+json\" class=\"yoast-schema-graph\">{\"@context\":\"https:\\\/\\\/schema.org\",\"@graph\":[{\"@type\":\"WebPage\",\"@id\":\"https:\\\/\\\/viersindausgeflogen.de\\\/?page_id=986\",\"url\":\"https:\\\/\\\/viersindausgeflogen.de\\\/?page_id=986\",\"name\":\"Koh Phangan - Viersindausgeflogen\",\"isPartOf\":{\"@id\":\"https:\\\/\\\/viersindausgeflogen.de\\\/#website\"},\"primaryImageOfPage\":{\"@id\":\"https:\\\/\\\/viersindausgeflogen.de\\\/?page_id=986#primaryimage\"},\"image\":{\"@id\":\"https:\\\/\\\/viersindausgeflogen.de\\\/?page_id=986#primaryimage\"},\"thumbnailUrl\":\"http:\\\/\\\/viersindausgeflogen.de\\\/wp-content\\\/uploads\\\/2020\\\/03\\\/77A22A53-99B9-4D62-B19C-ABF476782FD5-768x1024.jpeg\",\"datePublished\":\"2020-03-01T08:50:41+00:00\",\"dateModified\":\"2020-08-22T08:38:51+00:00\",\"breadcrumb\":{\"@id\":\"https:\\\/\\\/viersindausgeflogen.de\\\/?page_id=986#breadcrumb\"},\"inLanguage\":\"de\",\"potentialAction\":[{\"@type\":\"ReadAction\",\"target\":[\"https:\\\/\\\/viersindausgeflogen.de\\\/?page_id=986\"]}]},{\"@type\":\"ImageObject\",\"inLanguage\":\"de\",\"@id\":\"https:\\\/\\\/viersindausgeflogen.de\\\/?page_id=986#primaryimage\",\"url\":\"http:\\\/\\\/viersindausgeflogen.de\\\/wp-content\\\/uploads\\\/2020\\\/03\\\/77A22A53-99B9-4D62-B19C-ABF476782FD5-768x1024.jpeg\",\"contentUrl\":\"http:\\\/\\\/viersindausgeflogen.de\\\/wp-content\\\/uploads\\\/2020\\\/03\\\/77A22A53-99B9-4D62-B19C-ABF476782FD5-768x1024.jpeg\"},{\"@type\":\"BreadcrumbList\",\"@id\":\"https:\\\/\\\/viersindausgeflogen.de\\\/?page_id=986#breadcrumb\",\"itemListElement\":[{\"@type\":\"ListItem\",\"position\":1,\"name\":\"Startseite\",\"item\":\"https:\\\/\\\/viersindausgeflogen.de\\\/\"},{\"@type\":\"ListItem\",\"position\":2,\"name\":\"Koh Phangan\"}]},{\"@type\":\"WebSite\",\"@id\":\"https:\\\/\\\/viersindausgeflogen.de\\\/#website\",\"url\":\"https:\\\/\\\/viersindausgeflogen.de\\\/\",\"name\":\"Viersindausgeflogen\",\"description\":\"Reiseblog\",\"potentialAction\":[{\"@type\":\"SearchAction\",\"target\":{\"@type\":\"EntryPoint\",\"urlTemplate\":\"https:\\\/\\\/viersindausgeflogen.de\\\/?s={search_term_string}\"},\"query-input\":{\"@type\":\"PropertyValueSpecification\",\"valueRequired\":true,\"valueName\":\"search_term_string\"}}],\"inLanguage\":\"de\"}]}<\/script>\n<!-- \/ Yoast SEO plugin. -->","yoast_head_json":{"title":"Koh Phangan - Viersindausgeflogen","robots":{"index":"index","follow":"follow","max-snippet":"max-snippet:-1","max-image-preview":"max-image-preview:large","max-video-preview":"max-video-preview:-1"},"canonical":"https:\/\/viersindausgeflogen.de\/?page_id=986","og_locale":"de_DE","og_type":"article","og_title":"Koh Phangan - Viersindausgeflogen","og_description":"Koh Phangan- unsere Herzinsel Koh Phangan erlangte Popularit\u00e4t aufgrund der ber\u00fchmt ber\u00fcchtigten monatlich stattfindenden Full Moon Party. Sicherlich ein Ereignis&hellip;","og_url":"https:\/\/viersindausgeflogen.de\/?page_id=986","og_site_name":"Viersindausgeflogen","article_modified_time":"2020-08-22T08:38:51+00:00","og_image":[{"url":"http:\/\/viersindausgeflogen.de\/wp-content\/uploads\/2020\/03\/77A22A53-99B9-4D62-B19C-ABF476782FD5-768x1024.jpeg","type":"","width":"","height":""}],"twitter_card":"summary_large_image","twitter_misc":{"Gesch\u00e4tzte Lesezeit":"5\u00a0Minuten"},"schema":{"@context":"https:\/\/schema.org","@graph":[{"@type":"WebPage","@id":"https:\/\/viersindausgeflogen.de\/?page_id=986","url":"https:\/\/viersindausgeflogen.de\/?page_id=986","name":"Koh Phangan - Viersindausgeflogen","isPartOf":{"@id":"https:\/\/viersindausgeflogen.de\/#website"},"primaryImageOfPage":{"@id":"https:\/\/viersindausgeflogen.de\/?page_id=986#primaryimage"},"image":{"@id":"https:\/\/viersindausgeflogen.de\/?page_id=986#primaryimage"},"thumbnailUrl":"http:\/\/viersindausgeflogen.de\/wp-content\/uploads\/2020\/03\/77A22A53-99B9-4D62-B19C-ABF476782FD5-768x1024.jpeg","datePublished":"2020-03-01T08:50:41+00:00","dateModified":"2020-08-22T08:38:51+00:00","breadcrumb":{"@id":"https:\/\/viersindausgeflogen.de\/?page_id=986#breadcrumb"},"inLanguage":"de","potentialAction":[{"@type":"ReadAction","target":["https:\/\/viersindausgeflogen.de\/?page_id=986"]}]},{"@type":"ImageObject","inLanguage":"de","@id":"https:\/\/viersindausgeflogen.de\/?page_id=986#primaryimage","url":"http:\/\/viersindausgeflogen.de\/wp-content\/uploads\/2020\/03\/77A22A53-99B9-4D62-B19C-ABF476782FD5-768x1024.jpeg","contentUrl":"http:\/\/viersindausgeflogen.de\/wp-content\/uploads\/2020\/03\/77A22A53-99B9-4D62-B19C-ABF476782FD5-768x1024.jpeg"},{"@type":"BreadcrumbList","@id":"https:\/\/viersindausgeflogen.de\/?page_id=986#breadcrumb","itemListElement":[{"@type":"ListItem","position":1,"name":"Startseite","item":"https:\/\/viersindausgeflogen.de\/"},{"@type":"ListItem","position":2,"name":"Koh Phangan"}]},{"@type":"WebSite","@id":"https:\/\/viersindausgeflogen.de\/#website","url":"https:\/\/viersindausgeflogen.de\/","name":"Viersindausgeflogen","description":"Reiseblog","potentialAction":[{"@type":"SearchAction","target":{"@type":"EntryPoint","urlTemplate":"https:\/\/viersindausgeflogen.de\/?s={search_term_string}"},"query-input":{"@type":"PropertyValueSpecification","valueRequired":true,"valueName":"search_term_string"}}],"inLanguage":"de"}]}},"jetpack_sharing_enabled":true,"_links":{"self":[{"href":"https:\/\/viersindausgeflogen.de\/index.php?rest_route=\/wp\/v2\/pages\/986","targetHints":{"allow":["GET"]}}],"collection":[{"href":"https:\/\/viersindausgeflogen.de\/index.php?rest_route=\/wp\/v2\/pages"}],"about":[{"href":"https:\/\/viersindausgeflogen.de\/index.php?rest_route=\/wp\/v2\/types\/page"}],"author":[{"embeddable":true,"href":"https:\/\/viersindausgeflogen.de\/index.php?rest_route=\/wp\/v2\/users\/1"}],"replies":[{"embeddable":true,"href":"https:\/\/viersindausgeflogen.de\/index.php?rest_route=%2Fwp%2Fv2%2Fcomments&post=986"}],"version-history":[{"count":29,"href":"https:\/\/viersindausgeflogen.de\/index.php?rest_route=\/wp\/v2\/pages\/986\/revisions"}],"predecessor-version":[{"id":1376,"href":"https:\/\/viersindausgeflogen.de\/index.php?rest_route=\/wp\/v2\/pages\/986\/revisions\/1376"}],"wp:attachment":[{"href":"https:\/\/viersindausgeflogen.de\/index.php?rest_route=%2Fwp%2Fv2%2Fmedia&parent=986"}],"curies":[{"name":"wp","href":"https:\/\/api.w.org\/{rel}","templated":true}]}}