{"id":820,"date":"2020-02-27T22:36:09","date_gmt":"2020-02-27T21:36:09","guid":{"rendered":"http:\/\/viersindausgeflogen.de\/?page_id=820"},"modified":"2020-03-25T11:35:53","modified_gmt":"2020-03-25T10:35:53","slug":"willkommen","status":"publish","type":"page","link":"https:\/\/viersindausgeflogen.de\/","title":{"rendered":"Willkommen"},"content":{"rendered":"\n<h2 class=\"wp-block-heading\">Herzlich Willkommen<\/h2>\n\n\n\n<p><\/p>\n\n\n\n<div class=\"wp-block-media-text alignwide has-media-on-the-right is-stacked-on-mobile\"><figure class=\"wp-block-media-text__media\"><img loading=\"lazy\" decoding=\"async\" width=\"1024\" height=\"768\" src=\"http:\/\/viersindausgeflogen.de\/wp-content\/uploads\/2020\/02\/C7223C06-4C62-4169-8571-A692084BF056-1024x768.jpeg\" alt=\"\" class=\"wp-image-148\" srcset=\"https:\/\/viersindausgeflogen.de\/wp-content\/uploads\/2020\/02\/C7223C06-4C62-4169-8571-A692084BF056-1024x768.jpeg 1024w, https:\/\/viersindausgeflogen.de\/wp-content\/uploads\/2020\/02\/C7223C06-4C62-4169-8571-A692084BF056-300x225.jpeg 300w, https:\/\/viersindausgeflogen.de\/wp-content\/uploads\/2020\/02\/C7223C06-4C62-4169-8571-A692084BF056-768x576.jpeg 768w, https:\/\/viersindausgeflogen.de\/wp-content\/uploads\/2020\/02\/C7223C06-4C62-4169-8571-A692084BF056-1536x1152.jpeg 1536w, https:\/\/viersindausgeflogen.de\/wp-content\/uploads\/2020\/02\/C7223C06-4C62-4169-8571-A692084BF056.jpeg 2048w\" sizes=\"auto, (max-width: 1024px) 100vw, 1024px\" \/><\/figure><div class=\"wp-block-media-text__content\">\n<p>Hallo und willkommen auf unserem Reiseblog rund um S\u00fcdostasien ( mit Kindern). Hier m\u00f6chten wir gerne unsere Erfahrung, Erlebnisse und Eindr\u00fccke mit euch teilen. <\/p>\n\n\n\n<p>Ihr findet hier Infos rund um die thail\u00e4ndischen Golfinseln und Bangkok und einige Tipps f\u00fcr das Reisen mit Kindern. <br>Viel Spa\u00df nun beim St\u00f6bern.<\/p>\n<\/div><\/div>\n\n\n\n<p><strong>Die <a href=\"http:\/\/viersindausgeflogen.de\/?page_id=55\">Vierausgeflogenen<\/a><\/strong><\/p>\n\n\n\n<p><\/p>\n\n\n\n\n","protected":false},"excerpt":{"rendered":"<p>Herzlich Willkommen Hallo und willkommen auf unserem Reiseblog rund um S\u00fcdostasien ( mit Kindern). Hier m\u00f6chten wir gerne unsere Erfahrung,&hellip;<\/p>\n","protected":false},"author":1,"featured_media":0,"parent":0,"menu_order":0,"comment_status":"closed","ping_status":"closed","template":"","meta":{"footnotes":""},"class_list":["post-820","page","type-page","status-publish","hentry"],"yoast_head":"<!-- This site is optimized with the Yoast SEO plugin v27.5 - https:\/\/yoast.com\/product\/yoast-seo-wordpress\/ -->\n<title>Willkommen - Viersindausgeflogen<\/title>\n<meta name=\"robots\" content=\"index, follow, max-snippet:-1, max-image-preview:large, max-video-preview:-1\" \/>\n<link rel=\"canonical\" href=\"https:\/\/viersindausgeflogen.de\/\" \/>\n<meta property=\"og:locale\" content=\"de_DE\" \/>\n<meta property=\"og:type\" content=\"article\" \/>\n<meta property=\"og:title\" content=\"Willkommen - Viersindausgeflogen\" \/>\n<meta property=\"og:description\" content=\"Herzlich Willkommen Hallo und willkommen auf unserem Reiseblog rund um S\u00fcdostasien ( mit Kindern). Hier m\u00f6chten wir gerne unsere Erfahrung,&hellip;\" \/>\n<meta property=\"og:url\" content=\"https:\/\/viersindausgeflogen.de\/\" \/>\n<meta property=\"og:site_name\" content=\"Viersindausgeflogen\" \/>\n<meta property=\"article:modified_time\" content=\"2020-03-25T10:35:53+00:00\" \/>\n<meta property=\"og:image\" content=\"http:\/\/viersindausgeflogen.de\/wp-content\/uploads\/2020\/02\/C7223C06-4C62-4169-8571-A692084BF056-1024x768.jpeg\" \/>\n<meta name=\"twitter:card\" content=\"summary_large_image\" \/>\n<script type=\"application\/ld+json\" class=\"yoast-schema-graph\">{\"@context\":\"https:\\\/\\\/schema.org\",\"@graph\":[{\"@type\":\"WebPage\",\"@id\":\"https:\\\/\\\/viersindausgeflogen.de\\\/\",\"url\":\"https:\\\/\\\/viersindausgeflogen.de\\\/\",\"name\":\"Willkommen - Viersindausgeflogen\",\"isPartOf\":{\"@id\":\"https:\\\/\\\/viersindausgeflogen.de\\\/#website\"},\"primaryImageOfPage\":{\"@id\":\"https:\\\/\\\/viersindausgeflogen.de\\\/#primaryimage\"},\"image\":{\"@id\":\"https:\\\/\\\/viersindausgeflogen.de\\\/#primaryimage\"},\"thumbnailUrl\":\"http:\\\/\\\/viersindausgeflogen.de\\\/wp-content\\\/uploads\\\/2020\\\/02\\\/C7223C06-4C62-4169-8571-A692084BF056-1024x768.jpeg\",\"datePublished\":\"2020-02-27T21:36:09+00:00\",\"dateModified\":\"2020-03-25T10:35:53+00:00\",\"breadcrumb\":{\"@id\":\"https:\\\/\\\/viersindausgeflogen.de\\\/#breadcrumb\"},\"inLanguage\":\"de\",\"potentialAction\":[{\"@type\":\"ReadAction\",\"target\":[\"https:\\\/\\\/viersindausgeflogen.de\\\/\"]}]},{\"@type\":\"ImageObject\",\"inLanguage\":\"de\",\"@id\":\"https:\\\/\\\/viersindausgeflogen.de\\\/#primaryimage\",\"url\":\"http:\\\/\\\/viersindausgeflogen.de\\\/wp-content\\\/uploads\\\/2020\\\/02\\\/C7223C06-4C62-4169-8571-A692084BF056-1024x768.jpeg\",\"contentUrl\":\"http:\\\/\\\/viersindausgeflogen.de\\\/wp-content\\\/uploads\\\/2020\\\/02\\\/C7223C06-4C62-4169-8571-A692084BF056-1024x768.jpeg\"},{\"@type\":\"BreadcrumbList\",\"@id\":\"https:\\\/\\\/viersindausgeflogen.de\\\/#breadcrumb\",\"itemListElement\":[{\"@type\":\"ListItem\",\"position\":1,\"name\":\"Startseite\",\"item\":\"https:\\\/\\\/viersindausgeflogen.de\\\/\"},{\"@type\":\"ListItem\",\"position\":2,\"name\":\"Willkommen\"}]},{\"@type\":\"WebSite\",\"@id\":\"https:\\\/\\\/viersindausgeflogen.de\\\/#website\",\"url\":\"https:\\\/\\\/viersindausgeflogen.de\\\/\",\"name\":\"Viersindausgeflogen\",\"description\":\"Reiseblog\",\"potentialAction\":[{\"@type\":\"SearchAction\",\"target\":{\"@type\":\"EntryPoint\",\"urlTemplate\":\"https:\\\/\\\/viersindausgeflogen.de\\\/?s={search_term_string}\"},\"query-input\":{\"@type\":\"PropertyValueSpecification\",\"valueRequired\":true,\"valueName\":\"search_term_string\"}}],\"inLanguage\":\"de\"}]}<\/script>\n<!-- \/ Yoast SEO plugin. -->","yoast_head_json":{"title":"Willkommen - Viersindausgeflogen","robots":{"index":"index","follow":"follow","max-snippet":"max-snippet:-1","max-image-preview":"max-image-preview:large","max-video-preview":"max-video-preview:-1"},"canonical":"https:\/\/viersindausgeflogen.de\/","og_locale":"de_DE","og_type":"article","og_title":"Willkommen - Viersindausgeflogen","og_description":"Herzlich Willkommen Hallo und willkommen auf unserem Reiseblog rund um S\u00fcdostasien ( mit Kindern). Hier m\u00f6chten wir gerne unsere Erfahrung,&hellip;","og_url":"https:\/\/viersindausgeflogen.de\/","og_site_name":"Viersindausgeflogen","article_modified_time":"2020-03-25T10:35:53+00:00","og_image":[{"url":"http:\/\/viersindausgeflogen.de\/wp-content\/uploads\/2020\/02\/C7223C06-4C62-4169-8571-A692084BF056-1024x768.jpeg","type":"","width":"","height":""}],"twitter_card":"summary_large_image","schema":{"@context":"https:\/\/schema.org","@graph":[{"@type":"WebPage","@id":"https:\/\/viersindausgeflogen.de\/","url":"https:\/\/viersindausgeflogen.de\/","name":"Willkommen - Viersindausgeflogen","isPartOf":{"@id":"https:\/\/viersindausgeflogen.de\/#website"},"primaryImageOfPage":{"@id":"https:\/\/viersindausgeflogen.de\/#primaryimage"},"image":{"@id":"https:\/\/viersindausgeflogen.de\/#primaryimage"},"thumbnailUrl":"http:\/\/viersindausgeflogen.de\/wp-content\/uploads\/2020\/02\/C7223C06-4C62-4169-8571-A692084BF056-1024x768.jpeg","datePublished":"2020-02-27T21:36:09+00:00","dateModified":"2020-03-25T10:35:53+00:00","breadcrumb":{"@id":"https:\/\/viersindausgeflogen.de\/#breadcrumb"},"inLanguage":"de","potentialAction":[{"@type":"ReadAction","target":["https:\/\/viersindausgeflogen.de\/"]}]},{"@type":"ImageObject","inLanguage":"de","@id":"https:\/\/viersindausgeflogen.de\/#primaryimage","url":"http:\/\/viersindausgeflogen.de\/wp-content\/uploads\/2020\/02\/C7223C06-4C62-4169-8571-A692084BF056-1024x768.jpeg","contentUrl":"http:\/\/viersindausgeflogen.de\/wp-content\/uploads\/2020\/02\/C7223C06-4C62-4169-8571-A692084BF056-1024x768.jpeg"},{"@type":"BreadcrumbList","@id":"https:\/\/viersindausgeflogen.de\/#breadcrumb","itemListElement":[{"@type":"ListItem","position":1,"name":"Startseite","item":"https:\/\/viersindausgeflogen.de\/"},{"@type":"ListItem","position":2,"name":"Willkommen"}]},{"@type":"WebSite","@id":"https:\/\/viersindausgeflogen.de\/#website","url":"https:\/\/viersindausgeflogen.de\/","name":"Viersindausgeflogen","description":"Reiseblog","potentialAction":[{"@type":"SearchAction","target":{"@type":"EntryPoint","urlTemplate":"https:\/\/viersindausgeflogen.de\/?s={search_term_string}"},"query-input":{"@type":"PropertyValueSpecification","valueRequired":true,"valueName":"search_term_string"}}],"inLanguage":"de"}]}},"jetpack_sharing_enabled":true,"_links":{"self":[{"href":"https:\/\/viersindausgeflogen.de\/index.php?rest_route=\/wp\/v2\/pages\/820","targetHints":{"allow":["GET"]}}],"collection":[{"href":"https:\/\/viersindausgeflogen.de\/index.php?rest_route=\/wp\/v2\/pages"}],"about":[{"href":"https:\/\/viersindausgeflogen.de\/index.php?rest_route=\/wp\/v2\/types\/page"}],"author":[{"embeddable":true,"href":"https:\/\/viersindausgeflogen.de\/index.php?rest_route=\/wp\/v2\/users\/1"}],"replies":[{"embeddable":true,"href":"https:\/\/viersindausgeflogen.de\/index.php?rest_route=%2Fwp%2Fv2%2Fcomments&post=820"}],"version-history":[{"count":12,"href":"https:\/\/viersindausgeflogen.de\/index.php?rest_route=\/wp\/v2\/pages\/820\/revisions"}],"predecessor-version":[{"id":1063,"href":"https:\/\/viersindausgeflogen.de\/index.php?rest_route=\/wp\/v2\/pages\/820\/revisions\/1063"}],"wp:attachment":[{"href":"https:\/\/viersindausgeflogen.de\/index.php?rest_route=%2Fwp%2Fv2%2Fmedia&parent=820"}],"curies":[{"name":"wp","href":"https:\/\/api.w.org\/{rel}","templated":true}]}}