{"id":55,"date":"2020-02-22T18:10:18","date_gmt":"2020-02-22T17:10:18","guid":{"rendered":"http:\/\/viersindausgeflogen.de\/?page_id=55"},"modified":"2024-01-30T21:04:57","modified_gmt":"2024-01-30T20:04:57","slug":"ueber-uns","status":"publish","type":"page","link":"https:\/\/viersindausgeflogen.de\/?page_id=55","title":{"rendered":"\u00dcber uns"},"content":{"rendered":"\n<p>Wir , das sind: Sarah, Sven, Lenny und Kian. Wenn wir nicht ausgeflogen sind, dann sind wir in einem kleinen St\u00e4dtchen in der N\u00e4he von Freiburg zu Hause. Dort wohnen wir gemeinsam mit unserer Havaneserh\u00fcndin Maily.<br \/>Als gelernte IT-System-Kaufleute, verdienen wir unseren Lebens- und Urlaubsunterhalt in der Telekommunikationsbranche.<br \/><\/p>\n\n\n\n<p>Seit 2014 sind wir mit dem Thailandvirus infiziert, nachdem wir einen wundersch\u00f6nen Urlaub auf  Koh Samui verbracht haben.<\/p>\n\n\n\n<figure class=\"wp-block-image size-large\"><img loading=\"lazy\" decoding=\"async\" width=\"1024\" height=\"1024\" src=\"https:\/\/viersindausgeflogen.de\/wp-content\/uploads\/2024\/01\/photo-output-1-1024x1024.jpg\" alt=\"\" class=\"wp-image-1602\" srcset=\"https:\/\/viersindausgeflogen.de\/wp-content\/uploads\/2024\/01\/photo-output-1-1024x1024.jpg 1024w, https:\/\/viersindausgeflogen.de\/wp-content\/uploads\/2024\/01\/photo-output-1-300x300.jpg 300w, https:\/\/viersindausgeflogen.de\/wp-content\/uploads\/2024\/01\/photo-output-1-150x150.jpg 150w, https:\/\/viersindausgeflogen.de\/wp-content\/uploads\/2024\/01\/photo-output-1-768x768.jpg 768w, https:\/\/viersindausgeflogen.de\/wp-content\/uploads\/2024\/01\/photo-output-1-1536x1536.jpg 1536w, https:\/\/viersindausgeflogen.de\/wp-content\/uploads\/2024\/01\/photo-output-1-1600x1600.jpg 1600w, https:\/\/viersindausgeflogen.de\/wp-content\/uploads\/2024\/01\/photo-output-1.jpg 2000w\" sizes=\"auto, (max-width: 1024px) 100vw, 1024px\" \/><\/figure>\n","protected":false},"excerpt":{"rendered":"<p>Wir , das sind: Sarah, Sven, Lenny und Kian. Wenn wir nicht ausgeflogen sind, dann sind wir in einem kleinen&hellip;<\/p>\n","protected":false},"author":1,"featured_media":0,"parent":0,"menu_order":0,"comment_status":"closed","ping_status":"closed","template":"","meta":{"footnotes":""},"class_list":["post-55","page","type-page","status-publish","hentry"],"yoast_head":"<!-- This site is optimized with the Yoast SEO plugin v27.5 - https:\/\/yoast.com\/product\/yoast-seo-wordpress\/ -->\n<title>\u00dcber uns - Viersindausgeflogen<\/title>\n<meta name=\"robots\" content=\"index, follow, max-snippet:-1, max-image-preview:large, max-video-preview:-1\" \/>\n<link rel=\"canonical\" href=\"https:\/\/viersindausgeflogen.de\/?page_id=55\" \/>\n<meta property=\"og:locale\" content=\"de_DE\" \/>\n<meta property=\"og:type\" content=\"article\" \/>\n<meta property=\"og:title\" content=\"\u00dcber uns - Viersindausgeflogen\" \/>\n<meta property=\"og:description\" content=\"Wir , das sind: Sarah, Sven, Lenny und Kian. Wenn wir nicht ausgeflogen sind, dann sind wir in einem kleinen&hellip;\" \/>\n<meta property=\"og:url\" content=\"https:\/\/viersindausgeflogen.de\/?page_id=55\" \/>\n<meta property=\"og:site_name\" content=\"Viersindausgeflogen\" \/>\n<meta property=\"article:modified_time\" content=\"2024-01-30T20:04:57+00:00\" \/>\n<meta property=\"og:image\" content=\"https:\/\/viersindausgeflogen.de\/wp-content\/uploads\/2024\/01\/photo-output-1-1024x1024.jpg\" \/>\n<meta name=\"twitter:card\" content=\"summary_large_image\" \/>\n<meta name=\"twitter:label1\" content=\"Gesch\u00e4tzte Lesezeit\" \/>\n\t<meta name=\"twitter:data1\" content=\"1\u00a0Minute\" \/>\n<script type=\"application\/ld+json\" class=\"yoast-schema-graph\">{\"@context\":\"https:\\\/\\\/schema.org\",\"@graph\":[{\"@type\":\"WebPage\",\"@id\":\"https:\\\/\\\/viersindausgeflogen.de\\\/?page_id=55\",\"url\":\"https:\\\/\\\/viersindausgeflogen.de\\\/?page_id=55\",\"name\":\"\u00dcber uns - Viersindausgeflogen\",\"isPartOf\":{\"@id\":\"https:\\\/\\\/viersindausgeflogen.de\\\/#website\"},\"primaryImageOfPage\":{\"@id\":\"https:\\\/\\\/viersindausgeflogen.de\\\/?page_id=55#primaryimage\"},\"image\":{\"@id\":\"https:\\\/\\\/viersindausgeflogen.de\\\/?page_id=55#primaryimage\"},\"thumbnailUrl\":\"https:\\\/\\\/viersindausgeflogen.de\\\/wp-content\\\/uploads\\\/2024\\\/01\\\/photo-output-1-1024x1024.jpg\",\"datePublished\":\"2020-02-22T17:10:18+00:00\",\"dateModified\":\"2024-01-30T20:04:57+00:00\",\"breadcrumb\":{\"@id\":\"https:\\\/\\\/viersindausgeflogen.de\\\/?page_id=55#breadcrumb\"},\"inLanguage\":\"de\",\"potentialAction\":[{\"@type\":\"ReadAction\",\"target\":[\"https:\\\/\\\/viersindausgeflogen.de\\\/?page_id=55\"]}]},{\"@type\":\"ImageObject\",\"inLanguage\":\"de\",\"@id\":\"https:\\\/\\\/viersindausgeflogen.de\\\/?page_id=55#primaryimage\",\"url\":\"https:\\\/\\\/viersindausgeflogen.de\\\/wp-content\\\/uploads\\\/2024\\\/01\\\/photo-output-1.jpg\",\"contentUrl\":\"https:\\\/\\\/viersindausgeflogen.de\\\/wp-content\\\/uploads\\\/2024\\\/01\\\/photo-output-1.jpg\",\"width\":2000,\"height\":2000},{\"@type\":\"BreadcrumbList\",\"@id\":\"https:\\\/\\\/viersindausgeflogen.de\\\/?page_id=55#breadcrumb\",\"itemListElement\":[{\"@type\":\"ListItem\",\"position\":1,\"name\":\"Startseite\",\"item\":\"https:\\\/\\\/viersindausgeflogen.de\\\/\"},{\"@type\":\"ListItem\",\"position\":2,\"name\":\"\u00dcber uns\"}]},{\"@type\":\"WebSite\",\"@id\":\"https:\\\/\\\/viersindausgeflogen.de\\\/#website\",\"url\":\"https:\\\/\\\/viersindausgeflogen.de\\\/\",\"name\":\"Viersindausgeflogen\",\"description\":\"Reiseblog\",\"potentialAction\":[{\"@type\":\"SearchAction\",\"target\":{\"@type\":\"EntryPoint\",\"urlTemplate\":\"https:\\\/\\\/viersindausgeflogen.de\\\/?s={search_term_string}\"},\"query-input\":{\"@type\":\"PropertyValueSpecification\",\"valueRequired\":true,\"valueName\":\"search_term_string\"}}],\"inLanguage\":\"de\"}]}<\/script>\n<!-- \/ Yoast SEO plugin. -->","yoast_head_json":{"title":"\u00dcber uns - Viersindausgeflogen","robots":{"index":"index","follow":"follow","max-snippet":"max-snippet:-1","max-image-preview":"max-image-preview:large","max-video-preview":"max-video-preview:-1"},"canonical":"https:\/\/viersindausgeflogen.de\/?page_id=55","og_locale":"de_DE","og_type":"article","og_title":"\u00dcber uns - Viersindausgeflogen","og_description":"Wir , das sind: Sarah, Sven, Lenny und Kian. Wenn wir nicht ausgeflogen sind, dann sind wir in einem kleinen&hellip;","og_url":"https:\/\/viersindausgeflogen.de\/?page_id=55","og_site_name":"Viersindausgeflogen","article_modified_time":"2024-01-30T20:04:57+00:00","og_image":[{"url":"https:\/\/viersindausgeflogen.de\/wp-content\/uploads\/2024\/01\/photo-output-1-1024x1024.jpg","type":"","width":"","height":""}],"twitter_card":"summary_large_image","twitter_misc":{"Gesch\u00e4tzte Lesezeit":"1\u00a0Minute"},"schema":{"@context":"https:\/\/schema.org","@graph":[{"@type":"WebPage","@id":"https:\/\/viersindausgeflogen.de\/?page_id=55","url":"https:\/\/viersindausgeflogen.de\/?page_id=55","name":"\u00dcber uns - Viersindausgeflogen","isPartOf":{"@id":"https:\/\/viersindausgeflogen.de\/#website"},"primaryImageOfPage":{"@id":"https:\/\/viersindausgeflogen.de\/?page_id=55#primaryimage"},"image":{"@id":"https:\/\/viersindausgeflogen.de\/?page_id=55#primaryimage"},"thumbnailUrl":"https:\/\/viersindausgeflogen.de\/wp-content\/uploads\/2024\/01\/photo-output-1-1024x1024.jpg","datePublished":"2020-02-22T17:10:18+00:00","dateModified":"2024-01-30T20:04:57+00:00","breadcrumb":{"@id":"https:\/\/viersindausgeflogen.de\/?page_id=55#breadcrumb"},"inLanguage":"de","potentialAction":[{"@type":"ReadAction","target":["https:\/\/viersindausgeflogen.de\/?page_id=55"]}]},{"@type":"ImageObject","inLanguage":"de","@id":"https:\/\/viersindausgeflogen.de\/?page_id=55#primaryimage","url":"https:\/\/viersindausgeflogen.de\/wp-content\/uploads\/2024\/01\/photo-output-1.jpg","contentUrl":"https:\/\/viersindausgeflogen.de\/wp-content\/uploads\/2024\/01\/photo-output-1.jpg","width":2000,"height":2000},{"@type":"BreadcrumbList","@id":"https:\/\/viersindausgeflogen.de\/?page_id=55#breadcrumb","itemListElement":[{"@type":"ListItem","position":1,"name":"Startseite","item":"https:\/\/viersindausgeflogen.de\/"},{"@type":"ListItem","position":2,"name":"\u00dcber uns"}]},{"@type":"WebSite","@id":"https:\/\/viersindausgeflogen.de\/#website","url":"https:\/\/viersindausgeflogen.de\/","name":"Viersindausgeflogen","description":"Reiseblog","potentialAction":[{"@type":"SearchAction","target":{"@type":"EntryPoint","urlTemplate":"https:\/\/viersindausgeflogen.de\/?s={search_term_string}"},"query-input":{"@type":"PropertyValueSpecification","valueRequired":true,"valueName":"search_term_string"}}],"inLanguage":"de"}]}},"jetpack_sharing_enabled":true,"_links":{"self":[{"href":"https:\/\/viersindausgeflogen.de\/index.php?rest_route=\/wp\/v2\/pages\/55","targetHints":{"allow":["GET"]}}],"collection":[{"href":"https:\/\/viersindausgeflogen.de\/index.php?rest_route=\/wp\/v2\/pages"}],"about":[{"href":"https:\/\/viersindausgeflogen.de\/index.php?rest_route=\/wp\/v2\/types\/page"}],"author":[{"embeddable":true,"href":"https:\/\/viersindausgeflogen.de\/index.php?rest_route=\/wp\/v2\/users\/1"}],"replies":[{"embeddable":true,"href":"https:\/\/viersindausgeflogen.de\/index.php?rest_route=%2Fwp%2Fv2%2Fcomments&post=55"}],"version-history":[{"count":15,"href":"https:\/\/viersindausgeflogen.de\/index.php?rest_route=\/wp\/v2\/pages\/55\/revisions"}],"predecessor-version":[{"id":1604,"href":"https:\/\/viersindausgeflogen.de\/index.php?rest_route=\/wp\/v2\/pages\/55\/revisions\/1604"}],"wp:attachment":[{"href":"https:\/\/viersindausgeflogen.de\/index.php?rest_route=%2Fwp%2Fv2%2Fmedia&parent=55"}],"curies":[{"name":"wp","href":"https:\/\/api.w.org\/{rel}","templated":true}]}}