{"id":407,"date":"2020-02-24T19:04:55","date_gmt":"2020-02-24T18:04:55","guid":{"rendered":"http:\/\/viersindausgeflogen.de\/?page_id=407"},"modified":"2024-01-30T20:38:15","modified_gmt":"2024-01-30T19:38:15","slug":"hotels-suchen-und-buchen","status":"publish","type":"page","link":"https:\/\/viersindausgeflogen.de\/?page_id=407","title":{"rendered":"Hotel suchen und finden"},"content":{"rendered":"\n<h2 class=\"wp-block-heading\">Welche Portale gibt es?<br \/><\/h2>\n\n\n\n<p>Das wohl bekannteste Portal ist <a href=\"http:\/\/www.booking.de\">booking.de. <\/a>Wir haben dar\u00fcber schon oft gebucht und es gab nie Probleme. Einmal hatten wir allerdings eine Nachfrage und haben eine Hotline angerufen, das hat nicht nur Geld, sondern auch Nerven gekostet uns gebracht hat es nichts. Wir haben dann das Resort direkt kontaktiert.An Booking m\u00f6gen wir, dass man unkompliziert stornieren oder umbuchen kann uns auch die Bewertung nach einem Aufenthalt ist einfach. Mir pers\u00f6nlich gef\u00e4llt auch die Optik ganz gut, aber das ist ja Geschmacksache.<br \/><\/p>\n\n\n\n<p>Auch bekannt in Asien ist <a href=\"http:\/\/www.agoda.com\">agoda.com<\/a> . Auch dar\u00fcber haben wir schon gebucht. Was dort positiv auff\u00e4llt, dass man mit Kindern oft direkt die Kosten f\u00fcr ein Zusatzbett und auch die Info, ob Kinder eventuell kostenlos sind, sieht.<\/p>\n\n\n\n<p><\/p>\n\n\n\n<p>Einige Resorts sind nur direkt \u00fcber deren Seite buchbar, auch wenn man ein Hotel auf einem der grossen Portale entdeckt hat, lohnt es sich manchmal einen Blick auf die Homepage zu werfen um zu sehen, ob es eventuell eine Promo Aktion gibt.<\/p>\n\n\n\n<h2 class=\"wp-block-heading\">Hinweis f\u00fcrs Buchen mit Kindern<\/h2>\n\n\n\n<p>Bei der Hotelsuche, die Kinder weglassen, die Portale suchen immer nach der selben Anzahl an Betten, wie Personen. Ganz oft ist es aber so dass im Kleingedruckten z.B. bei \u201eKinder und Zustellbetten&#8220; steht: Kinder \u00fcbernachten im Bett der Eltern gratis oder Kinder ab 8 Jahren brauchen ein Zustellbett, das 10\u20ac kostet usw.  Bei Unklarheiten einfach eine mail ans Resort schreiben.So bekommt man nicht nur teure Famileinzimmer und gro\u00dfe Anlagen angezeigt.<\/p>\n\n\n\n<p>Bei kleinen Bungalowanlagen haben wir auch schon 2 Bungalows gemietet, wenn es keine gr\u00f6sseren Zimmer gab, was dann auch nicht teurer war als ein Familienzimmer.<\/p>\n\n\n\n<h2 class=\"wp-block-heading\">Wie findet man nun das Passende?<\/h2>\n\n\n\n<p>Zugegeben die Auswahl ist gross! Aber so in etwa kennt man ja sowohl das Budget als ich die Vorlieben. Brauchen wir einen Pool, wie nahe am Strand, eher ruhig oder eher im Get\u00fcmmel? F\u00fcr uns sind das immer die ersten Kriterien nach denen wir filtern. Auch diverse facebook Gruppen z.B. Thailand mit Kind, k\u00f6nnen einem gute Dienste leisten und wir haben dort schon gute Empfehlungen erhalten.<br \/>Auch Bewertungen k\u00f6nnen einen bei der Entscheidungsfindung helfen. Allerdings sind Erfahrungen  sehr individuell- so hatten wir bei einem Hotel, in welchem wir auch waren,  Bewertungen gelesen , und wir  fragten uns, ob die wirklich vom gleichen Hotel sprechen?!  You get what you pay for, gilt auch f\u00fcr Thailand und wenn man ein 2 Sterne Resort bucht und daf\u00fcr dann Luxus erwartet wirds eben bl\u00f6d. F\u00fcr laute Nachbarn oder Leute die das Fr\u00fchst\u00fcckbuffet pl\u00fcndern, kann unserer Meinung nach, das Hotel erstmal nichts, solch Bewertungen ignorieren wir dann auch mal, in der Hoffnung, dass es uns nicht trifft.<br \/><\/p>\n\n\n\n<p><\/p>\n","protected":false},"excerpt":{"rendered":"<p>Welche Portale gibt es? Das wohl bekannteste Portal ist booking.de. Wir haben dar\u00fcber schon oft gebucht und es gab nie&hellip;<\/p>\n","protected":false},"author":1,"featured_media":0,"parent":0,"menu_order":0,"comment_status":"closed","ping_status":"closed","template":"","meta":{"footnotes":""},"class_list":["post-407","page","type-page","status-publish","hentry"],"yoast_head":"<!-- This site is optimized with the Yoast SEO plugin v27.5 - https:\/\/yoast.com\/product\/yoast-seo-wordpress\/ -->\n<title>Hotel suchen und finden - Viersindausgeflogen<\/title>\n<meta name=\"robots\" content=\"index, follow, max-snippet:-1, max-image-preview:large, max-video-preview:-1\" \/>\n<link rel=\"canonical\" href=\"https:\/\/viersindausgeflogen.de\/?page_id=407\" \/>\n<meta property=\"og:locale\" content=\"de_DE\" \/>\n<meta property=\"og:type\" content=\"article\" \/>\n<meta property=\"og:title\" content=\"Hotel suchen und finden - Viersindausgeflogen\" \/>\n<meta property=\"og:description\" content=\"Welche Portale gibt es? Das wohl bekannteste Portal ist booking.de. Wir haben dar\u00fcber schon oft gebucht und es gab nie&hellip;\" \/>\n<meta property=\"og:url\" content=\"https:\/\/viersindausgeflogen.de\/?page_id=407\" \/>\n<meta property=\"og:site_name\" content=\"Viersindausgeflogen\" \/>\n<meta property=\"article:modified_time\" content=\"2024-01-30T19:38:15+00:00\" \/>\n<meta name=\"twitter:card\" content=\"summary_large_image\" \/>\n<meta name=\"twitter:label1\" content=\"Gesch\u00e4tzte Lesezeit\" \/>\n\t<meta name=\"twitter:data1\" content=\"2\u00a0Minuten\" \/>\n<script type=\"application\/ld+json\" class=\"yoast-schema-graph\">{\"@context\":\"https:\\\/\\\/schema.org\",\"@graph\":[{\"@type\":\"WebPage\",\"@id\":\"https:\\\/\\\/viersindausgeflogen.de\\\/?page_id=407\",\"url\":\"https:\\\/\\\/viersindausgeflogen.de\\\/?page_id=407\",\"name\":\"Hotel suchen und finden - Viersindausgeflogen\",\"isPartOf\":{\"@id\":\"https:\\\/\\\/viersindausgeflogen.de\\\/#website\"},\"datePublished\":\"2020-02-24T18:04:55+00:00\",\"dateModified\":\"2024-01-30T19:38:15+00:00\",\"breadcrumb\":{\"@id\":\"https:\\\/\\\/viersindausgeflogen.de\\\/?page_id=407#breadcrumb\"},\"inLanguage\":\"de\",\"potentialAction\":[{\"@type\":\"ReadAction\",\"target\":[\"https:\\\/\\\/viersindausgeflogen.de\\\/?page_id=407\"]}]},{\"@type\":\"BreadcrumbList\",\"@id\":\"https:\\\/\\\/viersindausgeflogen.de\\\/?page_id=407#breadcrumb\",\"itemListElement\":[{\"@type\":\"ListItem\",\"position\":1,\"name\":\"Startseite\",\"item\":\"https:\\\/\\\/viersindausgeflogen.de\\\/\"},{\"@type\":\"ListItem\",\"position\":2,\"name\":\"Hotel suchen und finden\"}]},{\"@type\":\"WebSite\",\"@id\":\"https:\\\/\\\/viersindausgeflogen.de\\\/#website\",\"url\":\"https:\\\/\\\/viersindausgeflogen.de\\\/\",\"name\":\"Viersindausgeflogen\",\"description\":\"Reiseblog\",\"potentialAction\":[{\"@type\":\"SearchAction\",\"target\":{\"@type\":\"EntryPoint\",\"urlTemplate\":\"https:\\\/\\\/viersindausgeflogen.de\\\/?s={search_term_string}\"},\"query-input\":{\"@type\":\"PropertyValueSpecification\",\"valueRequired\":true,\"valueName\":\"search_term_string\"}}],\"inLanguage\":\"de\"}]}<\/script>\n<!-- \/ Yoast SEO plugin. -->","yoast_head_json":{"title":"Hotel suchen und finden - Viersindausgeflogen","robots":{"index":"index","follow":"follow","max-snippet":"max-snippet:-1","max-image-preview":"max-image-preview:large","max-video-preview":"max-video-preview:-1"},"canonical":"https:\/\/viersindausgeflogen.de\/?page_id=407","og_locale":"de_DE","og_type":"article","og_title":"Hotel suchen und finden - Viersindausgeflogen","og_description":"Welche Portale gibt es? Das wohl bekannteste Portal ist booking.de. Wir haben dar\u00fcber schon oft gebucht und es gab nie&hellip;","og_url":"https:\/\/viersindausgeflogen.de\/?page_id=407","og_site_name":"Viersindausgeflogen","article_modified_time":"2024-01-30T19:38:15+00:00","twitter_card":"summary_large_image","twitter_misc":{"Gesch\u00e4tzte Lesezeit":"2\u00a0Minuten"},"schema":{"@context":"https:\/\/schema.org","@graph":[{"@type":"WebPage","@id":"https:\/\/viersindausgeflogen.de\/?page_id=407","url":"https:\/\/viersindausgeflogen.de\/?page_id=407","name":"Hotel suchen und finden - Viersindausgeflogen","isPartOf":{"@id":"https:\/\/viersindausgeflogen.de\/#website"},"datePublished":"2020-02-24T18:04:55+00:00","dateModified":"2024-01-30T19:38:15+00:00","breadcrumb":{"@id":"https:\/\/viersindausgeflogen.de\/?page_id=407#breadcrumb"},"inLanguage":"de","potentialAction":[{"@type":"ReadAction","target":["https:\/\/viersindausgeflogen.de\/?page_id=407"]}]},{"@type":"BreadcrumbList","@id":"https:\/\/viersindausgeflogen.de\/?page_id=407#breadcrumb","itemListElement":[{"@type":"ListItem","position":1,"name":"Startseite","item":"https:\/\/viersindausgeflogen.de\/"},{"@type":"ListItem","position":2,"name":"Hotel suchen und finden"}]},{"@type":"WebSite","@id":"https:\/\/viersindausgeflogen.de\/#website","url":"https:\/\/viersindausgeflogen.de\/","name":"Viersindausgeflogen","description":"Reiseblog","potentialAction":[{"@type":"SearchAction","target":{"@type":"EntryPoint","urlTemplate":"https:\/\/viersindausgeflogen.de\/?s={search_term_string}"},"query-input":{"@type":"PropertyValueSpecification","valueRequired":true,"valueName":"search_term_string"}}],"inLanguage":"de"}]}},"jetpack_sharing_enabled":true,"_links":{"self":[{"href":"https:\/\/viersindausgeflogen.de\/index.php?rest_route=\/wp\/v2\/pages\/407","targetHints":{"allow":["GET"]}}],"collection":[{"href":"https:\/\/viersindausgeflogen.de\/index.php?rest_route=\/wp\/v2\/pages"}],"about":[{"href":"https:\/\/viersindausgeflogen.de\/index.php?rest_route=\/wp\/v2\/types\/page"}],"author":[{"embeddable":true,"href":"https:\/\/viersindausgeflogen.de\/index.php?rest_route=\/wp\/v2\/users\/1"}],"replies":[{"embeddable":true,"href":"https:\/\/viersindausgeflogen.de\/index.php?rest_route=%2Fwp%2Fv2%2Fcomments&post=407"}],"version-history":[{"count":17,"href":"https:\/\/viersindausgeflogen.de\/index.php?rest_route=\/wp\/v2\/pages\/407\/revisions"}],"predecessor-version":[{"id":1597,"href":"https:\/\/viersindausgeflogen.de\/index.php?rest_route=\/wp\/v2\/pages\/407\/revisions\/1597"}],"wp:attachment":[{"href":"https:\/\/viersindausgeflogen.de\/index.php?rest_route=%2Fwp%2Fv2%2Fmedia&parent=407"}],"curies":[{"name":"wp","href":"https:\/\/api.w.org\/{rel}","templated":true}]}}