{"id":357,"date":"2020-02-24T14:09:05","date_gmt":"2020-02-24T13:09:05","guid":{"rendered":"http:\/\/viersindausgeflogen.de\/?page_id=357"},"modified":"2024-02-04T16:21:34","modified_gmt":"2024-02-04T15:21:34","slug":"nuetzliches-fuer-die-reise","status":"publish","type":"page","link":"https:\/\/viersindausgeflogen.de\/?page_id=357","title":{"rendered":"N\u00fctzliches f\u00fcr die Reise"},"content":{"rendered":"\n<p>Hier einige Dinge, die sich im Laufe unserer Reisen als n\u00fctzlich erwiesen haben:<\/p>\n\n\n\n<h2 class=\"wp-block-heading\">Reiseorganizer<\/h2>\n\n\n\n<p>Versicherungsscheine, Reisep\u00e4sse, Flugtickets usw. haben wir immer irgendwo verstaut und zu finden waren diese dann  meist dann ganz unten im Rucksack.<br \/>Einfach aber effektiv sind daher die kleinen Organizer in denen man alle n\u00f6tigen Unterlagen inkl. Reisep\u00e4ssen sch\u00f6n ordentlich unterbringen kann. Wir haben dort auch immer einen Kugelschreiber f\u00fcrs Ausf\u00fcllen der Arrival card mitdrin.<br \/>Wir wollen ja keine Werbung machen, aber die wiedermal gr\u00f6sste Auswahl an Organizern hat amaz*-unserer ist auch von dort.<\/p>\n\n\n\n<figure class=\"wp-block-image size-large is-resized\"><img loading=\"lazy\" decoding=\"async\" width=\"1024\" height=\"774\" src=\"https:\/\/viersindausgeflogen.de\/wp-content\/uploads\/2020\/02\/C711550D-E564-49A3-8990-D1A6C08A925D-1024x774.jpeg\" alt=\"\" class=\"wp-image-371\" style=\"width:500px;height:377px\" srcset=\"https:\/\/viersindausgeflogen.de\/wp-content\/uploads\/2020\/02\/C711550D-E564-49A3-8990-D1A6C08A925D-1024x774.jpeg 1024w, https:\/\/viersindausgeflogen.de\/wp-content\/uploads\/2020\/02\/C711550D-E564-49A3-8990-D1A6C08A925D-300x227.jpeg 300w, https:\/\/viersindausgeflogen.de\/wp-content\/uploads\/2020\/02\/C711550D-E564-49A3-8990-D1A6C08A925D-768x581.jpeg 768w, https:\/\/viersindausgeflogen.de\/wp-content\/uploads\/2020\/02\/C711550D-E564-49A3-8990-D1A6C08A925D-1536x1162.jpeg 1536w, https:\/\/viersindausgeflogen.de\/wp-content\/uploads\/2020\/02\/C711550D-E564-49A3-8990-D1A6C08A925D-2048x1549.jpeg 2048w\" sizes=\"auto, (max-width: 1024px) 100vw, 1024px\" \/><\/figure>\n\n\n\n<h2 class=\"wp-block-heading\">Microfaserhandtuch<\/h2>\n\n\n\n<p>Seit der letzten Reise immer dabei haben wir Microfaserhandt\u00fccher. Gerade wenn man in g\u00fcnstigeren Unterk\u00fcnften ist, bei denen es oftmal keine oder wenig Handt\u00fccher gibt, sehr praktisch. Trocknen schnell und nehmen wenig Platz weg, somit kann man sie auch ins Handgep\u00e4ck gut mitnehmen. <br \/><br \/><\/p>\n\n\n\n<figure class=\"wp-block-image size-large is-resized\"><img loading=\"lazy\" decoding=\"async\" width=\"768\" height=\"1024\" src=\"http:\/\/viersindausgeflogen.de\/wp-content\/uploads\/2020\/02\/BA917806-C76F-4DBE-8C33-8AF9CEFEE219-768x1024.jpeg\" alt=\"\" class=\"wp-image-364\" style=\"width:389px;height:518px\" srcset=\"https:\/\/viersindausgeflogen.de\/wp-content\/uploads\/2020\/02\/BA917806-C76F-4DBE-8C33-8AF9CEFEE219-768x1024.jpeg 768w, https:\/\/viersindausgeflogen.de\/wp-content\/uploads\/2020\/02\/BA917806-C76F-4DBE-8C33-8AF9CEFEE219-225x300.jpeg 225w, https:\/\/viersindausgeflogen.de\/wp-content\/uploads\/2020\/02\/BA917806-C76F-4DBE-8C33-8AF9CEFEE219-1152x1536.jpeg 1152w, https:\/\/viersindausgeflogen.de\/wp-content\/uploads\/2020\/02\/BA917806-C76F-4DBE-8C33-8AF9CEFEE219-1536x2048.jpeg 1536w, https:\/\/viersindausgeflogen.de\/wp-content\/uploads\/2020\/02\/BA917806-C76F-4DBE-8C33-8AF9CEFEE219-scaled.jpeg 1920w\" sizes=\"auto, (max-width: 768px) 100vw, 768px\" \/><\/figure>\n\n\n\n<h2 class=\"wp-block-heading\">Pac Safe<\/h2>\n\n\n\n<p>Da wir auch manchmal in Bungalows n\u00e4chtigen, die oft keinen eigenen Safe besitzen haben wir uns einen Pac Safe angeschafft. Zugegeben mit einem Preis von ca. 70\u20acnicht ganz billig, aber man kann ihn an diversen Gegenst\u00e4nden, wie Bett etc. sicher befestigen und verschliessen. Uns war einfach wohler bei dem Gedanken unser Geld, Kreditkarten und Papiere sicher verwahrt zu haben und ist eine Anschaffung, die man ja nur einmal macht. Erh\u00e4ltlich ist er und jede Menge anderer Pac Safe Produkte bei Globetrotter.<\/p>\n\n\n\n<figure class=\"wp-block-image size-large is-resized is-style-default\"><img loading=\"lazy\" decoding=\"async\" width=\"768\" height=\"1024\" src=\"https:\/\/viersindausgeflogen.de\/wp-content\/uploads\/2020\/02\/82B5151D-87CD-456D-BEC9-113C86D62070-768x1024.jpeg\" alt=\"\" class=\"wp-image-379\" style=\"width:373px;height:496px\" srcset=\"https:\/\/viersindausgeflogen.de\/wp-content\/uploads\/2020\/02\/82B5151D-87CD-456D-BEC9-113C86D62070-768x1024.jpeg 768w, https:\/\/viersindausgeflogen.de\/wp-content\/uploads\/2020\/02\/82B5151D-87CD-456D-BEC9-113C86D62070-225x300.jpeg 225w, https:\/\/viersindausgeflogen.de\/wp-content\/uploads\/2020\/02\/82B5151D-87CD-456D-BEC9-113C86D62070-1152x1536.jpeg 1152w, https:\/\/viersindausgeflogen.de\/wp-content\/uploads\/2020\/02\/82B5151D-87CD-456D-BEC9-113C86D62070.jpeg 1536w\" sizes=\"auto, (max-width: 768px) 100vw, 768px\" \/><\/figure>\n\n\n\n<h2 class=\"wp-block-heading\">Packw\u00fcrfel<\/h2>\n\n\n\n<p>Packw\u00fcrfel sind eigentlich Beutel mit Reissverschluss in verschiedenen Gr\u00f6ssen. Man kann damit alles sch\u00f6n ordentlich nach Kategorien sortieren zB T- Shirts, Badesachen usw. und gerade im Rucksack verhindert man so ein Durcheinnder.<\/p>\n\n\n\n<p>Die Packw\u00fcrfel gibt es in verschiedenen Farben und wie immer ziemlich g\u00fcnstig bei A***n. <\/p>\n\n\n\n<figure class=\"wp-block-image size-large\"><img loading=\"lazy\" decoding=\"async\" width=\"768\" height=\"1024\" src=\"https:\/\/viersindausgeflogen.de\/wp-content\/uploads\/2024\/02\/img_5736-768x1024.jpg\" alt=\"\" class=\"wp-image-1605\" srcset=\"https:\/\/viersindausgeflogen.de\/wp-content\/uploads\/2024\/02\/img_5736-768x1024.jpg 768w, https:\/\/viersindausgeflogen.de\/wp-content\/uploads\/2024\/02\/img_5736-225x300.jpg 225w, https:\/\/viersindausgeflogen.de\/wp-content\/uploads\/2024\/02\/img_5736-1152x1536.jpg 1152w, https:\/\/viersindausgeflogen.de\/wp-content\/uploads\/2024\/02\/img_5736.jpg 1500w\" sizes=\"auto, (max-width: 768px) 100vw, 768px\" \/><\/figure>\n","protected":false},"excerpt":{"rendered":"<p>Hier einige Dinge, die sich im Laufe unserer Reisen als n\u00fctzlich erwiesen haben: Reiseorganizer Versicherungsscheine, Reisep\u00e4sse, Flugtickets usw. haben wir&hellip;<\/p>\n","protected":false},"author":1,"featured_media":0,"parent":0,"menu_order":0,"comment_status":"closed","ping_status":"closed","template":"","meta":{"footnotes":""},"class_list":["post-357","page","type-page","status-publish","hentry"],"yoast_head":"<!-- This site is optimized with the Yoast SEO plugin v27.5 - https:\/\/yoast.com\/product\/yoast-seo-wordpress\/ -->\n<title>N\u00fctzliches f\u00fcr die Reise - Viersindausgeflogen<\/title>\n<meta name=\"robots\" content=\"index, follow, max-snippet:-1, max-image-preview:large, max-video-preview:-1\" \/>\n<link rel=\"canonical\" href=\"https:\/\/viersindausgeflogen.de\/?page_id=357\" \/>\n<meta property=\"og:locale\" content=\"de_DE\" \/>\n<meta property=\"og:type\" content=\"article\" \/>\n<meta property=\"og:title\" content=\"N\u00fctzliches f\u00fcr die Reise - Viersindausgeflogen\" \/>\n<meta property=\"og:description\" content=\"Hier einige Dinge, die sich im Laufe unserer Reisen als n\u00fctzlich erwiesen haben: Reiseorganizer Versicherungsscheine, Reisep\u00e4sse, Flugtickets usw. haben wir&hellip;\" \/>\n<meta property=\"og:url\" content=\"https:\/\/viersindausgeflogen.de\/?page_id=357\" \/>\n<meta property=\"og:site_name\" content=\"Viersindausgeflogen\" \/>\n<meta property=\"article:modified_time\" content=\"2024-02-04T15:21:34+00:00\" \/>\n<meta property=\"og:image\" content=\"https:\/\/viersindausgeflogen.de\/wp-content\/uploads\/2020\/02\/C711550D-E564-49A3-8990-D1A6C08A925D-1024x774.jpeg\" \/>\n<meta name=\"twitter:card\" content=\"summary_large_image\" \/>\n<meta name=\"twitter:label1\" content=\"Gesch\u00e4tzte Lesezeit\" \/>\n\t<meta name=\"twitter:data1\" content=\"1\u00a0Minute\" \/>\n<script type=\"application\/ld+json\" class=\"yoast-schema-graph\">{\"@context\":\"https:\\\/\\\/schema.org\",\"@graph\":[{\"@type\":\"WebPage\",\"@id\":\"https:\\\/\\\/viersindausgeflogen.de\\\/?page_id=357\",\"url\":\"https:\\\/\\\/viersindausgeflogen.de\\\/?page_id=357\",\"name\":\"N\u00fctzliches f\u00fcr die Reise - Viersindausgeflogen\",\"isPartOf\":{\"@id\":\"https:\\\/\\\/viersindausgeflogen.de\\\/#website\"},\"primaryImageOfPage\":{\"@id\":\"https:\\\/\\\/viersindausgeflogen.de\\\/?page_id=357#primaryimage\"},\"image\":{\"@id\":\"https:\\\/\\\/viersindausgeflogen.de\\\/?page_id=357#primaryimage\"},\"thumbnailUrl\":\"https:\\\/\\\/viersindausgeflogen.de\\\/wp-content\\\/uploads\\\/2020\\\/02\\\/C711550D-E564-49A3-8990-D1A6C08A925D-1024x774.jpeg\",\"datePublished\":\"2020-02-24T13:09:05+00:00\",\"dateModified\":\"2024-02-04T15:21:34+00:00\",\"breadcrumb\":{\"@id\":\"https:\\\/\\\/viersindausgeflogen.de\\\/?page_id=357#breadcrumb\"},\"inLanguage\":\"de\",\"potentialAction\":[{\"@type\":\"ReadAction\",\"target\":[\"https:\\\/\\\/viersindausgeflogen.de\\\/?page_id=357\"]}]},{\"@type\":\"ImageObject\",\"inLanguage\":\"de\",\"@id\":\"https:\\\/\\\/viersindausgeflogen.de\\\/?page_id=357#primaryimage\",\"url\":\"https:\\\/\\\/viersindausgeflogen.de\\\/wp-content\\\/uploads\\\/2020\\\/02\\\/C711550D-E564-49A3-8990-D1A6C08A925D-1024x774.jpeg\",\"contentUrl\":\"https:\\\/\\\/viersindausgeflogen.de\\\/wp-content\\\/uploads\\\/2020\\\/02\\\/C711550D-E564-49A3-8990-D1A6C08A925D-1024x774.jpeg\"},{\"@type\":\"BreadcrumbList\",\"@id\":\"https:\\\/\\\/viersindausgeflogen.de\\\/?page_id=357#breadcrumb\",\"itemListElement\":[{\"@type\":\"ListItem\",\"position\":1,\"name\":\"Startseite\",\"item\":\"https:\\\/\\\/viersindausgeflogen.de\\\/\"},{\"@type\":\"ListItem\",\"position\":2,\"name\":\"N\u00fctzliches f\u00fcr die Reise\"}]},{\"@type\":\"WebSite\",\"@id\":\"https:\\\/\\\/viersindausgeflogen.de\\\/#website\",\"url\":\"https:\\\/\\\/viersindausgeflogen.de\\\/\",\"name\":\"Viersindausgeflogen\",\"description\":\"Reiseblog\",\"potentialAction\":[{\"@type\":\"SearchAction\",\"target\":{\"@type\":\"EntryPoint\",\"urlTemplate\":\"https:\\\/\\\/viersindausgeflogen.de\\\/?s={search_term_string}\"},\"query-input\":{\"@type\":\"PropertyValueSpecification\",\"valueRequired\":true,\"valueName\":\"search_term_string\"}}],\"inLanguage\":\"de\"}]}<\/script>\n<!-- \/ Yoast SEO plugin. -->","yoast_head_json":{"title":"N\u00fctzliches f\u00fcr die Reise - Viersindausgeflogen","robots":{"index":"index","follow":"follow","max-snippet":"max-snippet:-1","max-image-preview":"max-image-preview:large","max-video-preview":"max-video-preview:-1"},"canonical":"https:\/\/viersindausgeflogen.de\/?page_id=357","og_locale":"de_DE","og_type":"article","og_title":"N\u00fctzliches f\u00fcr die Reise - Viersindausgeflogen","og_description":"Hier einige Dinge, die sich im Laufe unserer Reisen als n\u00fctzlich erwiesen haben: Reiseorganizer Versicherungsscheine, Reisep\u00e4sse, Flugtickets usw. haben wir&hellip;","og_url":"https:\/\/viersindausgeflogen.de\/?page_id=357","og_site_name":"Viersindausgeflogen","article_modified_time":"2024-02-04T15:21:34+00:00","og_image":[{"url":"https:\/\/viersindausgeflogen.de\/wp-content\/uploads\/2020\/02\/C711550D-E564-49A3-8990-D1A6C08A925D-1024x774.jpeg","type":"","width":"","height":""}],"twitter_card":"summary_large_image","twitter_misc":{"Gesch\u00e4tzte Lesezeit":"1\u00a0Minute"},"schema":{"@context":"https:\/\/schema.org","@graph":[{"@type":"WebPage","@id":"https:\/\/viersindausgeflogen.de\/?page_id=357","url":"https:\/\/viersindausgeflogen.de\/?page_id=357","name":"N\u00fctzliches f\u00fcr die Reise - Viersindausgeflogen","isPartOf":{"@id":"https:\/\/viersindausgeflogen.de\/#website"},"primaryImageOfPage":{"@id":"https:\/\/viersindausgeflogen.de\/?page_id=357#primaryimage"},"image":{"@id":"https:\/\/viersindausgeflogen.de\/?page_id=357#primaryimage"},"thumbnailUrl":"https:\/\/viersindausgeflogen.de\/wp-content\/uploads\/2020\/02\/C711550D-E564-49A3-8990-D1A6C08A925D-1024x774.jpeg","datePublished":"2020-02-24T13:09:05+00:00","dateModified":"2024-02-04T15:21:34+00:00","breadcrumb":{"@id":"https:\/\/viersindausgeflogen.de\/?page_id=357#breadcrumb"},"inLanguage":"de","potentialAction":[{"@type":"ReadAction","target":["https:\/\/viersindausgeflogen.de\/?page_id=357"]}]},{"@type":"ImageObject","inLanguage":"de","@id":"https:\/\/viersindausgeflogen.de\/?page_id=357#primaryimage","url":"https:\/\/viersindausgeflogen.de\/wp-content\/uploads\/2020\/02\/C711550D-E564-49A3-8990-D1A6C08A925D-1024x774.jpeg","contentUrl":"https:\/\/viersindausgeflogen.de\/wp-content\/uploads\/2020\/02\/C711550D-E564-49A3-8990-D1A6C08A925D-1024x774.jpeg"},{"@type":"BreadcrumbList","@id":"https:\/\/viersindausgeflogen.de\/?page_id=357#breadcrumb","itemListElement":[{"@type":"ListItem","position":1,"name":"Startseite","item":"https:\/\/viersindausgeflogen.de\/"},{"@type":"ListItem","position":2,"name":"N\u00fctzliches f\u00fcr die Reise"}]},{"@type":"WebSite","@id":"https:\/\/viersindausgeflogen.de\/#website","url":"https:\/\/viersindausgeflogen.de\/","name":"Viersindausgeflogen","description":"Reiseblog","potentialAction":[{"@type":"SearchAction","target":{"@type":"EntryPoint","urlTemplate":"https:\/\/viersindausgeflogen.de\/?s={search_term_string}"},"query-input":{"@type":"PropertyValueSpecification","valueRequired":true,"valueName":"search_term_string"}}],"inLanguage":"de"}]}},"jetpack_sharing_enabled":true,"_links":{"self":[{"href":"https:\/\/viersindausgeflogen.de\/index.php?rest_route=\/wp\/v2\/pages\/357","targetHints":{"allow":["GET"]}}],"collection":[{"href":"https:\/\/viersindausgeflogen.de\/index.php?rest_route=\/wp\/v2\/pages"}],"about":[{"href":"https:\/\/viersindausgeflogen.de\/index.php?rest_route=\/wp\/v2\/types\/page"}],"author":[{"embeddable":true,"href":"https:\/\/viersindausgeflogen.de\/index.php?rest_route=\/wp\/v2\/users\/1"}],"replies":[{"embeddable":true,"href":"https:\/\/viersindausgeflogen.de\/index.php?rest_route=%2Fwp%2Fv2%2Fcomments&post=357"}],"version-history":[{"count":16,"href":"https:\/\/viersindausgeflogen.de\/index.php?rest_route=\/wp\/v2\/pages\/357\/revisions"}],"predecessor-version":[{"id":1607,"href":"https:\/\/viersindausgeflogen.de\/index.php?rest_route=\/wp\/v2\/pages\/357\/revisions\/1607"}],"wp:attachment":[{"href":"https:\/\/viersindausgeflogen.de\/index.php?rest_route=%2Fwp%2Fv2%2Fmedia&parent=357"}],"curies":[{"name":"wp","href":"https:\/\/api.w.org\/{rel}","templated":true}]}}