{"id":253,"date":"2020-02-23T17:20:01","date_gmt":"2020-02-23T17:20:01","guid":{"rendered":"http:\/\/viersindausgeflogen.de\/?page_id=253"},"modified":"2025-05-16T13:50:53","modified_gmt":"2025-05-16T12:50:53","slug":"speisen-und-getraenke","status":"publish","type":"page","link":"https:\/\/viersindausgeflogen.de\/?page_id=253","title":{"rendered":"Essen und Trinken"},"content":{"rendered":"\n<h2 class=\"wp-block-heading\">Gark\u00fcchen<\/h2>\n\n\n\n<p>An jedem Strassenrand zu finden, die kleinen Gark\u00fcchen, die oftmals auch, dank Roller mobil sind.<\/p>\n\n\n\n<p>Zugegeben anfangs ist es schon etwas gew\u00f6hnungsbed\u00fcrftig, sich auf einen Plastikstuhl zu setzen und dabei zuzusehen, wie aus diversen T\u00fctchen, Beh\u00e4ltern etc. das bestellte Essen zubereitet wird.<\/p>\n\n\n\n<p>Einfach mal den deutschen Kopf ausschalten, nicht so viel Gedanken \u00fcber K\u00fchlketten &amp;Co. machen und man wird mit einem super leckeren Men\u00fc \u00fcberrascht!Tats\u00e4chlich wurden wir noch von keiner Gark\u00fcche entt\u00e4uscht und haben teilweise f\u00fcr ca. 8\u20ac ( zu viert!) richtig lecker gegessen. Dazu dann einen Shake, eine Young Coconut oder auch Chang Bier und die Plastikst\u00fchle sind garantiert vergessen. Probleme mit dem Magen hatten wir bisher \u00fcbrigens nie, die meisten Lebensmittel sind gut durchgebraten, gegrillt oder frittiert.<\/p>\n\n\n\n<figure class=\"wp-block-image size-large\"><img loading=\"lazy\" decoding=\"async\" width=\"768\" height=\"1024\" src=\"http:\/\/viersindausgeflogen.de\/wp-content\/uploads\/2020\/02\/13CFE939-0476-41E4-B486-62984C8FDE64-768x1024.jpeg\" alt=\"\" class=\"wp-image-992\" srcset=\"https:\/\/viersindausgeflogen.de\/wp-content\/uploads\/2020\/02\/13CFE939-0476-41E4-B486-62984C8FDE64-768x1024.jpeg 768w, https:\/\/viersindausgeflogen.de\/wp-content\/uploads\/2020\/02\/13CFE939-0476-41E4-B486-62984C8FDE64-225x300.jpeg 225w, https:\/\/viersindausgeflogen.de\/wp-content\/uploads\/2020\/02\/13CFE939-0476-41E4-B486-62984C8FDE64-1152x1536.jpeg 1152w, https:\/\/viersindausgeflogen.de\/wp-content\/uploads\/2020\/02\/13CFE939-0476-41E4-B486-62984C8FDE64.jpeg 1536w\" sizes=\"auto, (max-width: 768px) 100vw, 768px\" \/><\/figure>\n\n\n\n<h2 class=\"wp-block-heading\">Nachtm\u00e4rkte<\/h2>\n\n\n\n<p>Neben Klamotten, Kitsch und Accessoires bieten die Nachtm\u00e4rkte jede Menge Essen. Ein Spie\u00df hier, ein Pancake da, hier findet jeder was. Auch Insekten f\u00fcr den t\u00e4glichen Eiwei\u00dfbedarf k\u00f6nnen hier probiert werden.<\/p>\n\n\n\n<figure class=\"wp-block-image size-large\"><img loading=\"lazy\" decoding=\"async\" width=\"768\" height=\"1024\" src=\"http:\/\/viersindausgeflogen.de\/wp-content\/uploads\/2020\/02\/D6AED6AD-80E4-4516-8F57-DC207BC58824-768x1024.jpeg\" alt=\"\" class=\"wp-image-994\" srcset=\"https:\/\/viersindausgeflogen.de\/wp-content\/uploads\/2020\/02\/D6AED6AD-80E4-4516-8F57-DC207BC58824-768x1024.jpeg 768w, https:\/\/viersindausgeflogen.de\/wp-content\/uploads\/2020\/02\/D6AED6AD-80E4-4516-8F57-DC207BC58824-225x300.jpeg 225w, https:\/\/viersindausgeflogen.de\/wp-content\/uploads\/2020\/02\/D6AED6AD-80E4-4516-8F57-DC207BC58824-1152x1536.jpeg 1152w, https:\/\/viersindausgeflogen.de\/wp-content\/uploads\/2020\/02\/D6AED6AD-80E4-4516-8F57-DC207BC58824.jpeg 1536w\" sizes=\"auto, (max-width: 768px) 100vw, 768px\" \/><figcaption class=\"wp-element-caption\">Nachtmarkt Thong Sala<\/figcaption><\/figure>\n\n\n\n<p>&nbsp;<\/p>\n\n\n\n<h2 class=\"wp-block-heading\">Was essen die Kinder?<\/h2>\n\n\n\n<p>Tats\u00e4chlich wurden wir das oft gefragt&#8230; <br>Also ich kann versichern, auch in Thailand verhungert keiner. Nat\u00fcrlich sind Thai Curry und andere scharfen Speisen nicht unbedingt das Lieblingsessen unseren Kinder. Aber es gibt gen\u00fcgend Alternativen und Pommes und Pizza gibt es wohl auch in jedem Land ( dies gabs dann zwischendurch auch mal).<\/p>\n\n\n\n<p>Zu den Favoriten unserer Jungs geh\u00f6ren: Pancakes, Fr\u00fchlingsrollen,Chicken Satay, Sticky Rice mit Mango und Kartoffelspiesse.<br>Aber auch das heimische Obst von Ananas bis Mangosteen m\u00f6gen sie.<\/p>\n\n\n\n<p>In unserem Blog aus 2024 haben wir auch  Obstsorten live getestet, auch Durian!<\/p>\n\n\n\n<figure class=\"wp-block-gallery aligncenter has-nested-images columns-default is-cropped wp-block-gallery-1 is-layout-flex wp-block-gallery-is-layout-flex\">\n<figure class=\"wp-block-image size-large is-style-rectangular\"><img loading=\"lazy\" decoding=\"async\" width=\"768\" height=\"1024\" data-id=\"315\" src=\"https:\/\/viersindausgeflogen.de\/wp-content\/uploads\/2020\/02\/23EF4D71-BE65-4FCD-8533-749CE4D17095-768x1024.jpeg\" alt=\"\" class=\"wp-image-315\" srcset=\"https:\/\/viersindausgeflogen.de\/wp-content\/uploads\/2020\/02\/23EF4D71-BE65-4FCD-8533-749CE4D17095-768x1024.jpeg 768w, https:\/\/viersindausgeflogen.de\/wp-content\/uploads\/2020\/02\/23EF4D71-BE65-4FCD-8533-749CE4D17095-225x300.jpeg 225w, https:\/\/viersindausgeflogen.de\/wp-content\/uploads\/2020\/02\/23EF4D71-BE65-4FCD-8533-749CE4D17095-1152x1536.jpeg 1152w, https:\/\/viersindausgeflogen.de\/wp-content\/uploads\/2020\/02\/23EF4D71-BE65-4FCD-8533-749CE4D17095.jpeg 1536w\" sizes=\"auto, (max-width: 768px) 100vw, 768px\" \/><\/figure>\n\n\n\n<figure class=\"wp-block-image size-large\"><img loading=\"lazy\" decoding=\"async\" width=\"768\" height=\"1024\" data-id=\"1810\" src=\"https:\/\/viersindausgeflogen.de\/wp-content\/uploads\/2025\/05\/IMG_1801-768x1024.jpeg\" alt=\"\" class=\"wp-image-1810\" srcset=\"https:\/\/viersindausgeflogen.de\/wp-content\/uploads\/2025\/05\/IMG_1801-768x1024.jpeg 768w, https:\/\/viersindausgeflogen.de\/wp-content\/uploads\/2025\/05\/IMG_1801-225x300.jpeg 225w, https:\/\/viersindausgeflogen.de\/wp-content\/uploads\/2025\/05\/IMG_1801-1152x1536.jpeg 1152w, https:\/\/viersindausgeflogen.de\/wp-content\/uploads\/2025\/05\/IMG_1801-1536x2048.jpeg 1536w, https:\/\/viersindausgeflogen.de\/wp-content\/uploads\/2025\/05\/IMG_1801-1600x2133.jpeg 1600w, https:\/\/viersindausgeflogen.de\/wp-content\/uploads\/2025\/05\/IMG_1801-scaled.jpeg 1920w\" sizes=\"auto, (max-width: 768px) 100vw, 768px\" \/><\/figure>\n\n\n\n<figure class=\"wp-block-image size-large\"><img loading=\"lazy\" decoding=\"async\" width=\"1024\" height=\"768\" data-id=\"1809\" src=\"https:\/\/viersindausgeflogen.de\/wp-content\/uploads\/2025\/05\/IMG_1831-1024x768.jpeg\" alt=\"\" class=\"wp-image-1809\" srcset=\"https:\/\/viersindausgeflogen.de\/wp-content\/uploads\/2025\/05\/IMG_1831-1024x768.jpeg 1024w, https:\/\/viersindausgeflogen.de\/wp-content\/uploads\/2025\/05\/IMG_1831-300x225.jpeg 300w, https:\/\/viersindausgeflogen.de\/wp-content\/uploads\/2025\/05\/IMG_1831-768x576.jpeg 768w, https:\/\/viersindausgeflogen.de\/wp-content\/uploads\/2025\/05\/IMG_1831-1536x1152.jpeg 1536w, https:\/\/viersindausgeflogen.de\/wp-content\/uploads\/2025\/05\/IMG_1831-2048x1536.jpeg 2048w, https:\/\/viersindausgeflogen.de\/wp-content\/uploads\/2025\/05\/IMG_1831-1600x1200.jpeg 1600w\" sizes=\"auto, (max-width: 1024px) 100vw, 1024px\" \/><\/figure>\n\n\n\n<figure class=\"wp-block-image size-large\"><img loading=\"lazy\" decoding=\"async\" width=\"768\" height=\"1024\" data-id=\"1807\" src=\"https:\/\/viersindausgeflogen.de\/wp-content\/uploads\/2025\/05\/IMG_1828-768x1024.jpeg\" alt=\"\" class=\"wp-image-1807\" srcset=\"https:\/\/viersindausgeflogen.de\/wp-content\/uploads\/2025\/05\/IMG_1828-768x1024.jpeg 768w, https:\/\/viersindausgeflogen.de\/wp-content\/uploads\/2025\/05\/IMG_1828-225x300.jpeg 225w, https:\/\/viersindausgeflogen.de\/wp-content\/uploads\/2025\/05\/IMG_1828-1152x1536.jpeg 1152w, https:\/\/viersindausgeflogen.de\/wp-content\/uploads\/2025\/05\/IMG_1828-1536x2048.jpeg 1536w, https:\/\/viersindausgeflogen.de\/wp-content\/uploads\/2025\/05\/IMG_1828-1600x2133.jpeg 1600w, https:\/\/viersindausgeflogen.de\/wp-content\/uploads\/2025\/05\/IMG_1828-scaled.jpeg 1920w\" sizes=\"auto, (max-width: 768px) 100vw, 768px\" \/><\/figure>\n\n\n\n<figure class=\"wp-block-image size-large\"><img loading=\"lazy\" decoding=\"async\" width=\"1024\" height=\"768\" data-id=\"1811\" src=\"https:\/\/viersindausgeflogen.de\/wp-content\/uploads\/2025\/05\/IMG_1679-1024x768.jpeg\" alt=\"\" class=\"wp-image-1811\" srcset=\"https:\/\/viersindausgeflogen.de\/wp-content\/uploads\/2025\/05\/IMG_1679-1024x768.jpeg 1024w, https:\/\/viersindausgeflogen.de\/wp-content\/uploads\/2025\/05\/IMG_1679-300x225.jpeg 300w, https:\/\/viersindausgeflogen.de\/wp-content\/uploads\/2025\/05\/IMG_1679-768x576.jpeg 768w, https:\/\/viersindausgeflogen.de\/wp-content\/uploads\/2025\/05\/IMG_1679-1536x1152.jpeg 1536w, https:\/\/viersindausgeflogen.de\/wp-content\/uploads\/2025\/05\/IMG_1679-2048x1536.jpeg 2048w, https:\/\/viersindausgeflogen.de\/wp-content\/uploads\/2025\/05\/IMG_1679-1600x1200.jpeg 1600w\" sizes=\"auto, (max-width: 1024px) 100vw, 1024px\" \/><\/figure>\n<\/figure>\n\n\n\n<h2 class=\"wp-block-heading\">Getr\u00e4nke<\/h2>\n\n\n\n<p>Shakes in alle Variationen, Fanta in allen Farben ( eines s\u00fcsser als das andere), young Coconuts ,Thai Ice Tea oder einfach ein Bier, auch verdursten muss keiner.<\/p>\n\n\n\n<p>Achso Wasser gibt es nat\u00fcrlich auch.<\/p>\n\n\n\n<figure class=\"wp-block-gallery has-nested-images columns-default is-cropped wp-block-gallery-2 is-layout-flex wp-block-gallery-is-layout-flex\">\n<figure class=\"wp-block-image size-large\"><img loading=\"lazy\" decoding=\"async\" width=\"768\" height=\"1024\" data-id=\"998\" src=\"https:\/\/viersindausgeflogen.de\/wp-content\/uploads\/2020\/02\/EEB896EF-935F-40EC-8BB4-442402729237-768x1024.jpeg\" alt=\"\" class=\"wp-image-998\" srcset=\"https:\/\/viersindausgeflogen.de\/wp-content\/uploads\/2020\/02\/EEB896EF-935F-40EC-8BB4-442402729237-768x1024.jpeg 768w, https:\/\/viersindausgeflogen.de\/wp-content\/uploads\/2020\/02\/EEB896EF-935F-40EC-8BB4-442402729237-225x300.jpeg 225w, https:\/\/viersindausgeflogen.de\/wp-content\/uploads\/2020\/02\/EEB896EF-935F-40EC-8BB4-442402729237-1152x1536.jpeg 1152w, https:\/\/viersindausgeflogen.de\/wp-content\/uploads\/2020\/02\/EEB896EF-935F-40EC-8BB4-442402729237.jpeg 1536w\" sizes=\"auto, (max-width: 768px) 100vw, 768px\" \/><\/figure>\n\n\n\n<figure class=\"wp-block-image size-large\"><img loading=\"lazy\" decoding=\"async\" width=\"768\" height=\"1024\" data-id=\"997\" src=\"https:\/\/viersindausgeflogen.de\/wp-content\/uploads\/2020\/02\/0DE33358-C670-4C27-8010-F6382C24AEB1-768x1024.jpeg\" alt=\"\" class=\"wp-image-997\" srcset=\"https:\/\/viersindausgeflogen.de\/wp-content\/uploads\/2020\/02\/0DE33358-C670-4C27-8010-F6382C24AEB1-768x1024.jpeg 768w, https:\/\/viersindausgeflogen.de\/wp-content\/uploads\/2020\/02\/0DE33358-C670-4C27-8010-F6382C24AEB1-225x300.jpeg 225w, https:\/\/viersindausgeflogen.de\/wp-content\/uploads\/2020\/02\/0DE33358-C670-4C27-8010-F6382C24AEB1-1152x1536.jpeg 1152w, https:\/\/viersindausgeflogen.de\/wp-content\/uploads\/2020\/02\/0DE33358-C670-4C27-8010-F6382C24AEB1.jpeg 1536w\" sizes=\"auto, (max-width: 768px) 100vw, 768px\" \/><\/figure>\n\n\n\n<figure class=\"wp-block-image size-large\"><img loading=\"lazy\" decoding=\"async\" width=\"768\" height=\"1024\" data-id=\"996\" src=\"https:\/\/viersindausgeflogen.de\/wp-content\/uploads\/2020\/02\/D906F56E-CF5D-43C7-84CE-7C0B44F254EA-768x1024.jpeg\" alt=\"\" class=\"wp-image-996\" srcset=\"https:\/\/viersindausgeflogen.de\/wp-content\/uploads\/2020\/02\/D906F56E-CF5D-43C7-84CE-7C0B44F254EA-768x1024.jpeg 768w, https:\/\/viersindausgeflogen.de\/wp-content\/uploads\/2020\/02\/D906F56E-CF5D-43C7-84CE-7C0B44F254EA-225x300.jpeg 225w, https:\/\/viersindausgeflogen.de\/wp-content\/uploads\/2020\/02\/D906F56E-CF5D-43C7-84CE-7C0B44F254EA-1152x1536.jpeg 1152w, https:\/\/viersindausgeflogen.de\/wp-content\/uploads\/2020\/02\/D906F56E-CF5D-43C7-84CE-7C0B44F254EA.jpeg 1536w\" sizes=\"auto, (max-width: 768px) 100vw, 768px\" \/><\/figure>\n\n\n\n<figure class=\"wp-block-image size-large\"><img loading=\"lazy\" decoding=\"async\" width=\"768\" height=\"1024\" data-id=\"995\" src=\"https:\/\/viersindausgeflogen.de\/wp-content\/uploads\/2020\/02\/345FFE0C-4947-43FA-B779-BA910EF1E7C7-768x1024.jpeg\" alt=\"\" class=\"wp-image-995\" srcset=\"https:\/\/viersindausgeflogen.de\/wp-content\/uploads\/2020\/02\/345FFE0C-4947-43FA-B779-BA910EF1E7C7-768x1024.jpeg 768w, https:\/\/viersindausgeflogen.de\/wp-content\/uploads\/2020\/02\/345FFE0C-4947-43FA-B779-BA910EF1E7C7-225x300.jpeg 225w, https:\/\/viersindausgeflogen.de\/wp-content\/uploads\/2020\/02\/345FFE0C-4947-43FA-B779-BA910EF1E7C7-1152x1536.jpeg 1152w, https:\/\/viersindausgeflogen.de\/wp-content\/uploads\/2020\/02\/345FFE0C-4947-43FA-B779-BA910EF1E7C7.jpeg 1536w\" sizes=\"auto, (max-width: 768px) 100vw, 768px\" \/><\/figure>\n\n\n\n<figure class=\"wp-block-image size-large\"><img loading=\"lazy\" decoding=\"async\" width=\"1024\" height=\"768\" data-id=\"887\" src=\"https:\/\/viersindausgeflogen.de\/wp-content\/uploads\/2020\/02\/4EECA12F-5880-43EA-98E3-D495F8B4DCC9-1024x768.jpeg\" alt=\"\" class=\"wp-image-887\" srcset=\"https:\/\/viersindausgeflogen.de\/wp-content\/uploads\/2020\/02\/4EECA12F-5880-43EA-98E3-D495F8B4DCC9-1024x768.jpeg 1024w, https:\/\/viersindausgeflogen.de\/wp-content\/uploads\/2020\/02\/4EECA12F-5880-43EA-98E3-D495F8B4DCC9-300x225.jpeg 300w, https:\/\/viersindausgeflogen.de\/wp-content\/uploads\/2020\/02\/4EECA12F-5880-43EA-98E3-D495F8B4DCC9-768x576.jpeg 768w, https:\/\/viersindausgeflogen.de\/wp-content\/uploads\/2020\/02\/4EECA12F-5880-43EA-98E3-D495F8B4DCC9-1536x1152.jpeg 1536w, https:\/\/viersindausgeflogen.de\/wp-content\/uploads\/2020\/02\/4EECA12F-5880-43EA-98E3-D495F8B4DCC9-1600x1200.jpeg 1600w, https:\/\/viersindausgeflogen.de\/wp-content\/uploads\/2020\/02\/4EECA12F-5880-43EA-98E3-D495F8B4DCC9.jpeg 2048w\" sizes=\"auto, (max-width: 1024px) 100vw, 1024px\" \/><\/figure>\n<\/figure>\n","protected":false},"excerpt":{"rendered":"<p>Gark\u00fcchen An jedem Strassenrand zu finden, die kleinen Gark\u00fcchen, die oftmals auch, dank Roller mobil sind. Zugegeben anfangs ist es&hellip;<\/p>\n","protected":false},"author":1,"featured_media":279,"parent":0,"menu_order":0,"comment_status":"closed","ping_status":"closed","template":"","meta":{"footnotes":""},"class_list":["post-253","page","type-page","status-publish","has-post-thumbnail","hentry"],"yoast_head":"<!-- This site is optimized with the Yoast SEO plugin v27.5 - https:\/\/yoast.com\/product\/yoast-seo-wordpress\/ -->\n<title>Essen und Trinken - Viersindausgeflogen<\/title>\n<meta name=\"robots\" content=\"index, follow, max-snippet:-1, max-image-preview:large, max-video-preview:-1\" \/>\n<link rel=\"canonical\" href=\"https:\/\/viersindausgeflogen.de\/?page_id=253\" \/>\n<meta property=\"og:locale\" content=\"de_DE\" \/>\n<meta property=\"og:type\" content=\"article\" \/>\n<meta property=\"og:title\" content=\"Essen und Trinken - Viersindausgeflogen\" \/>\n<meta property=\"og:description\" content=\"Gark\u00fcchen An jedem Strassenrand zu finden, die kleinen Gark\u00fcchen, die oftmals auch, dank Roller mobil sind. Zugegeben anfangs ist es&hellip;\" \/>\n<meta property=\"og:url\" content=\"https:\/\/viersindausgeflogen.de\/?page_id=253\" \/>\n<meta property=\"og:site_name\" content=\"Viersindausgeflogen\" \/>\n<meta property=\"article:modified_time\" content=\"2025-05-16T12:50:53+00:00\" \/>\n<meta property=\"og:image\" content=\"http:\/\/viersindausgeflogen.de\/wp-content\/uploads\/2020\/02\/460C7B11-1A78-4854-80F1-B410E99018E3.jpeg\" \/>\n\t<meta property=\"og:image:width\" content=\"1800\" \/>\n\t<meta property=\"og:image:height\" content=\"532\" \/>\n\t<meta property=\"og:image:type\" content=\"image\/jpeg\" \/>\n<meta name=\"twitter:card\" content=\"summary_large_image\" \/>\n<meta name=\"twitter:label1\" content=\"Gesch\u00e4tzte Lesezeit\" \/>\n\t<meta name=\"twitter:data1\" content=\"5\u00a0Minuten\" \/>\n<script type=\"application\/ld+json\" class=\"yoast-schema-graph\">{\"@context\":\"https:\\\/\\\/schema.org\",\"@graph\":[{\"@type\":\"WebPage\",\"@id\":\"https:\\\/\\\/viersindausgeflogen.de\\\/?page_id=253\",\"url\":\"https:\\\/\\\/viersindausgeflogen.de\\\/?page_id=253\",\"name\":\"Essen und Trinken - Viersindausgeflogen\",\"isPartOf\":{\"@id\":\"https:\\\/\\\/viersindausgeflogen.de\\\/#website\"},\"primaryImageOfPage\":{\"@id\":\"https:\\\/\\\/viersindausgeflogen.de\\\/?page_id=253#primaryimage\"},\"image\":{\"@id\":\"https:\\\/\\\/viersindausgeflogen.de\\\/?page_id=253#primaryimage\"},\"thumbnailUrl\":\"https:\\\/\\\/viersindausgeflogen.de\\\/wp-content\\\/uploads\\\/2020\\\/02\\\/460C7B11-1A78-4854-80F1-B410E99018E3.jpeg\",\"datePublished\":\"2020-02-23T17:20:01+00:00\",\"dateModified\":\"2025-05-16T12:50:53+00:00\",\"breadcrumb\":{\"@id\":\"https:\\\/\\\/viersindausgeflogen.de\\\/?page_id=253#breadcrumb\"},\"inLanguage\":\"de\",\"potentialAction\":[{\"@type\":\"ReadAction\",\"target\":[\"https:\\\/\\\/viersindausgeflogen.de\\\/?page_id=253\"]}]},{\"@type\":\"ImageObject\",\"inLanguage\":\"de\",\"@id\":\"https:\\\/\\\/viersindausgeflogen.de\\\/?page_id=253#primaryimage\",\"url\":\"https:\\\/\\\/viersindausgeflogen.de\\\/wp-content\\\/uploads\\\/2020\\\/02\\\/460C7B11-1A78-4854-80F1-B410E99018E3.jpeg\",\"contentUrl\":\"https:\\\/\\\/viersindausgeflogen.de\\\/wp-content\\\/uploads\\\/2020\\\/02\\\/460C7B11-1A78-4854-80F1-B410E99018E3.jpeg\",\"width\":1800,\"height\":532},{\"@type\":\"BreadcrumbList\",\"@id\":\"https:\\\/\\\/viersindausgeflogen.de\\\/?page_id=253#breadcrumb\",\"itemListElement\":[{\"@type\":\"ListItem\",\"position\":1,\"name\":\"Startseite\",\"item\":\"https:\\\/\\\/viersindausgeflogen.de\\\/\"},{\"@type\":\"ListItem\",\"position\":2,\"name\":\"Essen und Trinken\"}]},{\"@type\":\"WebSite\",\"@id\":\"https:\\\/\\\/viersindausgeflogen.de\\\/#website\",\"url\":\"https:\\\/\\\/viersindausgeflogen.de\\\/\",\"name\":\"Viersindausgeflogen\",\"description\":\"Reiseblog\",\"potentialAction\":[{\"@type\":\"SearchAction\",\"target\":{\"@type\":\"EntryPoint\",\"urlTemplate\":\"https:\\\/\\\/viersindausgeflogen.de\\\/?s={search_term_string}\"},\"query-input\":{\"@type\":\"PropertyValueSpecification\",\"valueRequired\":true,\"valueName\":\"search_term_string\"}}],\"inLanguage\":\"de\"}]}<\/script>\n<!-- \/ Yoast SEO plugin. -->","yoast_head_json":{"title":"Essen und Trinken - Viersindausgeflogen","robots":{"index":"index","follow":"follow","max-snippet":"max-snippet:-1","max-image-preview":"max-image-preview:large","max-video-preview":"max-video-preview:-1"},"canonical":"https:\/\/viersindausgeflogen.de\/?page_id=253","og_locale":"de_DE","og_type":"article","og_title":"Essen und Trinken - Viersindausgeflogen","og_description":"Gark\u00fcchen An jedem Strassenrand zu finden, die kleinen Gark\u00fcchen, die oftmals auch, dank Roller mobil sind. Zugegeben anfangs ist es&hellip;","og_url":"https:\/\/viersindausgeflogen.de\/?page_id=253","og_site_name":"Viersindausgeflogen","article_modified_time":"2025-05-16T12:50:53+00:00","og_image":[{"width":1800,"height":532,"url":"http:\/\/viersindausgeflogen.de\/wp-content\/uploads\/2020\/02\/460C7B11-1A78-4854-80F1-B410E99018E3.jpeg","type":"image\/jpeg"}],"twitter_card":"summary_large_image","twitter_misc":{"Gesch\u00e4tzte Lesezeit":"5\u00a0Minuten"},"schema":{"@context":"https:\/\/schema.org","@graph":[{"@type":"WebPage","@id":"https:\/\/viersindausgeflogen.de\/?page_id=253","url":"https:\/\/viersindausgeflogen.de\/?page_id=253","name":"Essen und Trinken - Viersindausgeflogen","isPartOf":{"@id":"https:\/\/viersindausgeflogen.de\/#website"},"primaryImageOfPage":{"@id":"https:\/\/viersindausgeflogen.de\/?page_id=253#primaryimage"},"image":{"@id":"https:\/\/viersindausgeflogen.de\/?page_id=253#primaryimage"},"thumbnailUrl":"https:\/\/viersindausgeflogen.de\/wp-content\/uploads\/2020\/02\/460C7B11-1A78-4854-80F1-B410E99018E3.jpeg","datePublished":"2020-02-23T17:20:01+00:00","dateModified":"2025-05-16T12:50:53+00:00","breadcrumb":{"@id":"https:\/\/viersindausgeflogen.de\/?page_id=253#breadcrumb"},"inLanguage":"de","potentialAction":[{"@type":"ReadAction","target":["https:\/\/viersindausgeflogen.de\/?page_id=253"]}]},{"@type":"ImageObject","inLanguage":"de","@id":"https:\/\/viersindausgeflogen.de\/?page_id=253#primaryimage","url":"https:\/\/viersindausgeflogen.de\/wp-content\/uploads\/2020\/02\/460C7B11-1A78-4854-80F1-B410E99018E3.jpeg","contentUrl":"https:\/\/viersindausgeflogen.de\/wp-content\/uploads\/2020\/02\/460C7B11-1A78-4854-80F1-B410E99018E3.jpeg","width":1800,"height":532},{"@type":"BreadcrumbList","@id":"https:\/\/viersindausgeflogen.de\/?page_id=253#breadcrumb","itemListElement":[{"@type":"ListItem","position":1,"name":"Startseite","item":"https:\/\/viersindausgeflogen.de\/"},{"@type":"ListItem","position":2,"name":"Essen und Trinken"}]},{"@type":"WebSite","@id":"https:\/\/viersindausgeflogen.de\/#website","url":"https:\/\/viersindausgeflogen.de\/","name":"Viersindausgeflogen","description":"Reiseblog","potentialAction":[{"@type":"SearchAction","target":{"@type":"EntryPoint","urlTemplate":"https:\/\/viersindausgeflogen.de\/?s={search_term_string}"},"query-input":{"@type":"PropertyValueSpecification","valueRequired":true,"valueName":"search_term_string"}}],"inLanguage":"de"}]}},"jetpack_sharing_enabled":true,"_links":{"self":[{"href":"https:\/\/viersindausgeflogen.de\/index.php?rest_route=\/wp\/v2\/pages\/253","targetHints":{"allow":["GET"]}}],"collection":[{"href":"https:\/\/viersindausgeflogen.de\/index.php?rest_route=\/wp\/v2\/pages"}],"about":[{"href":"https:\/\/viersindausgeflogen.de\/index.php?rest_route=\/wp\/v2\/types\/page"}],"author":[{"embeddable":true,"href":"https:\/\/viersindausgeflogen.de\/index.php?rest_route=\/wp\/v2\/users\/1"}],"replies":[{"embeddable":true,"href":"https:\/\/viersindausgeflogen.de\/index.php?rest_route=%2Fwp%2Fv2%2Fcomments&post=253"}],"version-history":[{"count":16,"href":"https:\/\/viersindausgeflogen.de\/index.php?rest_route=\/wp\/v2\/pages\/253\/revisions"}],"predecessor-version":[{"id":1812,"href":"https:\/\/viersindausgeflogen.de\/index.php?rest_route=\/wp\/v2\/pages\/253\/revisions\/1812"}],"wp:featuredmedia":[{"embeddable":true,"href":"https:\/\/viersindausgeflogen.de\/index.php?rest_route=\/wp\/v2\/media\/279"}],"wp:attachment":[{"href":"https:\/\/viersindausgeflogen.de\/index.php?rest_route=%2Fwp%2Fv2%2Fmedia&parent=253"}],"curies":[{"name":"wp","href":"https:\/\/api.w.org\/{rel}","templated":true}]}}