{"id":126,"date":"2020-02-23T06:16:57","date_gmt":"2020-02-23T06:16:57","guid":{"rendered":"http:\/\/viersindausgeflogen.de\/?page_id=126"},"modified":"2020-02-28T15:48:11","modified_gmt":"2020-02-28T14:48:11","slug":"thailand-mit-kindern","status":"publish","type":"page","link":"https:\/\/viersindausgeflogen.de\/?page_id=126","title":{"rendered":"Thailand mit Kindern"},"content":{"rendered":"<p>Als wir vor unserem ersten Thailandurlaub ( Kinder damals knapp 1 Jahr und 4 Jahre) unser Reiseziel erw\u00e4hnten, war oft die Frage: \u201e Ja mit den Kindern?\u201c. Ich pflegte dann zu sagen: \u201e Ne die fliegen nach Mallorca\u201c. Selbstverst\u00e4ndlich mit Kindern!<br>Bevor wir uns entschieden diese Reise zu planen, hatten wir uns nat\u00fcrlich ausgiebig informiert, in diversen Reisef\u00fchrern, auf Internetseiten und Blogs. Bald stand aber fest, dass es keinen Grund gibt, warum Thailand als Reiseziel nicht genauso geeignet sein sollte &nbsp;wie z.B. Italien. Oft wird das tropische Klima oder der lange Flug als Gegenargument erw\u00e4hnt. Allerdings findet mal meist nur positive Berichte und auch wir k\u00f6nnen best\u00e4tigen, dass sowohl Flug, als auch das Klima, den Kindern sogar weniger Schwierigkeiten bereitet hat, als uns. Ich finde einen Flug, bei dem ich mich um die Kinder k\u00fcmmern kann, wesentlich angenehmer als eine lange Autofahrt. Letzlich &nbsp;kennt man seiner Kinder ja ganz gut und kann absch\u00e4tzen was klappt und was eher nicht.<\/p>\n<p>Die Pro\u2018s &nbsp;f\u00fcr Thailand &nbsp;mit Kindern ( mal abgesehen von der unendlichen Kinderfreundlichkeit):<\/p>\n<ul class=\"rich-text editor-rich-text__editable block-editor-rich-text__editable is-selected\" role=\"textbox\" contenteditable=\"true\" aria-multiline=\"true\" aria-label=\"Schreibe eine Liste\u2026\">\n<li>in der Regel gute medizinische Versorgung<\/li>\n<li>flach abfallende Str\u00e4nde<\/li>\n<li>gutes und g\u00fcnstiges Essen<\/li>\n<li>Hotels und Resorts in allen Kategorien und Preisklassen<\/li>\n<li>Unkomplizierte und g\u00fcnstige Transferm\u00f6glichkeiten<\/li>\n<li>es gibt viel zu entdecken von Tempel bis Dschungel<\/li>\n<\/ul>\n\n\n<figure class=\"wp-block-gallery columns-3 is-cropped wp-block-gallery-1 is-layout-flex wp-block-gallery-is-layout-flex\"><ul class=\"blocks-gallery-grid\"><li class=\"blocks-gallery-item\"><figure><img loading=\"lazy\" decoding=\"async\" width=\"768\" height=\"1024\" src=\"https:\/\/viersindausgeflogen.de\/wp-content\/uploads\/2020\/02\/FDE16CF9-4BE0-45DD-9532-D5B86470C779-768x1024.jpeg\" alt=\"\" data-id=\"678\" data-link=\"https:\/\/viersindausgeflogen.de\/?attachment_id=678\" class=\"wp-image-678\" srcset=\"https:\/\/viersindausgeflogen.de\/wp-content\/uploads\/2020\/02\/FDE16CF9-4BE0-45DD-9532-D5B86470C779-768x1024.jpeg 768w, https:\/\/viersindausgeflogen.de\/wp-content\/uploads\/2020\/02\/FDE16CF9-4BE0-45DD-9532-D5B86470C779-225x300.jpeg 225w, https:\/\/viersindausgeflogen.de\/wp-content\/uploads\/2020\/02\/FDE16CF9-4BE0-45DD-9532-D5B86470C779-1152x1536.jpeg 1152w, https:\/\/viersindausgeflogen.de\/wp-content\/uploads\/2020\/02\/FDE16CF9-4BE0-45DD-9532-D5B86470C779-45x60.jpeg 45w, https:\/\/viersindausgeflogen.de\/wp-content\/uploads\/2020\/02\/FDE16CF9-4BE0-45DD-9532-D5B86470C779.jpeg 1536w\" sizes=\"auto, (max-width: 768px) 100vw, 768px\" \/><figcaption class=\"blocks-gallery-item__caption\">Salad Hut Koh Phangan<\/figcaption><\/figure><\/li><li class=\"blocks-gallery-item\"><figure><img loading=\"lazy\" decoding=\"async\" width=\"1024\" height=\"768\" src=\"https:\/\/viersindausgeflogen.de\/wp-content\/uploads\/2020\/02\/ABCDED73-0AF6-4B93-8F46-06ABBDBB7958-1024x768.jpeg\" alt=\"\" data-id=\"679\" data-link=\"https:\/\/viersindausgeflogen.de\/?attachment_id=679\" class=\"wp-image-679\" srcset=\"https:\/\/viersindausgeflogen.de\/wp-content\/uploads\/2020\/02\/ABCDED73-0AF6-4B93-8F46-06ABBDBB7958-1024x768.jpeg 1024w, https:\/\/viersindausgeflogen.de\/wp-content\/uploads\/2020\/02\/ABCDED73-0AF6-4B93-8F46-06ABBDBB7958-300x225.jpeg 300w, https:\/\/viersindausgeflogen.de\/wp-content\/uploads\/2020\/02\/ABCDED73-0AF6-4B93-8F46-06ABBDBB7958-768x576.jpeg 768w, https:\/\/viersindausgeflogen.de\/wp-content\/uploads\/2020\/02\/ABCDED73-0AF6-4B93-8F46-06ABBDBB7958-1536x1152.jpeg 1536w, https:\/\/viersindausgeflogen.de\/wp-content\/uploads\/2020\/02\/ABCDED73-0AF6-4B93-8F46-06ABBDBB7958-2048x1536.jpeg 2048w, https:\/\/viersindausgeflogen.de\/wp-content\/uploads\/2020\/02\/ABCDED73-0AF6-4B93-8F46-06ABBDBB7958-80x60.jpeg 80w\" sizes=\"auto, (max-width: 1024px) 100vw, 1024px\" \/><figcaption class=\"blocks-gallery-item__caption\">Koh Samui Fair House Villas&amp;Spa<\/figcaption><\/figure><\/li><li class=\"blocks-gallery-item\"><figure><img loading=\"lazy\" decoding=\"async\" width=\"1024\" height=\"768\" src=\"https:\/\/viersindausgeflogen.de\/wp-content\/uploads\/2020\/02\/883F6A4C-5FCB-4124-9F29-9635974D82F7-1024x768.jpeg\" alt=\"\" data-id=\"680\" data-full-url=\"https:\/\/viersindausgeflogen.de\/wp-content\/uploads\/2020\/02\/883F6A4C-5FCB-4124-9F29-9635974D82F7-scaled.jpeg\" data-link=\"https:\/\/viersindausgeflogen.de\/?attachment_id=680\" class=\"wp-image-680\" srcset=\"https:\/\/viersindausgeflogen.de\/wp-content\/uploads\/2020\/02\/883F6A4C-5FCB-4124-9F29-9635974D82F7-1024x768.jpeg 1024w, https:\/\/viersindausgeflogen.de\/wp-content\/uploads\/2020\/02\/883F6A4C-5FCB-4124-9F29-9635974D82F7-300x225.jpeg 300w, https:\/\/viersindausgeflogen.de\/wp-content\/uploads\/2020\/02\/883F6A4C-5FCB-4124-9F29-9635974D82F7-768x576.jpeg 768w, https:\/\/viersindausgeflogen.de\/wp-content\/uploads\/2020\/02\/883F6A4C-5FCB-4124-9F29-9635974D82F7-1536x1152.jpeg 1536w, https:\/\/viersindausgeflogen.de\/wp-content\/uploads\/2020\/02\/883F6A4C-5FCB-4124-9F29-9635974D82F7-2048x1536.jpeg 2048w, https:\/\/viersindausgeflogen.de\/wp-content\/uploads\/2020\/02\/883F6A4C-5FCB-4124-9F29-9635974D82F7-80x60.jpeg 80w\" sizes=\"auto, (max-width: 1024px) 100vw, 1024px\" \/><\/figure><\/li><\/ul><\/figure>\n","protected":false},"excerpt":{"rendered":"<p>Als wir vor unserem ersten Thailandurlaub ( Kinder damals knapp 1 Jahr und 4 Jahre) unser Reiseziel erw\u00e4hnten, war oft&hellip;<\/p>\n","protected":false},"author":1,"featured_media":277,"parent":0,"menu_order":0,"comment_status":"closed","ping_status":"closed","template":"","meta":{"footnotes":""},"class_list":["post-126","page","type-page","status-publish","has-post-thumbnail","hentry"],"yoast_head":"<!-- This site is optimized with the Yoast SEO plugin v27.5 - https:\/\/yoast.com\/product\/yoast-seo-wordpress\/ -->\n<title>Thailand mit Kindern - Viersindausgeflogen<\/title>\n<meta name=\"robots\" content=\"index, follow, max-snippet:-1, max-image-preview:large, max-video-preview:-1\" \/>\n<link rel=\"canonical\" href=\"https:\/\/viersindausgeflogen.de\/?page_id=126\" \/>\n<meta property=\"og:locale\" content=\"de_DE\" \/>\n<meta property=\"og:type\" content=\"article\" \/>\n<meta property=\"og:title\" content=\"Thailand mit Kindern - Viersindausgeflogen\" \/>\n<meta property=\"og:description\" content=\"Als wir vor unserem ersten Thailandurlaub ( Kinder damals knapp 1 Jahr und 4 Jahre) unser Reiseziel erw\u00e4hnten, war oft&hellip;\" \/>\n<meta property=\"og:url\" content=\"https:\/\/viersindausgeflogen.de\/?page_id=126\" \/>\n<meta property=\"og:site_name\" content=\"Viersindausgeflogen\" \/>\n<meta property=\"article:modified_time\" content=\"2020-02-28T14:48:11+00:00\" \/>\n<meta property=\"og:image\" content=\"https:\/\/viersindausgeflogen.de\/wp-content\/uploads\/2020\/02\/CB70BC39-D560-4833-A3AB-B34C5DF761A2.jpeg\" \/>\n\t<meta property=\"og:image:width\" content=\"1782\" \/>\n\t<meta property=\"og:image:height\" content=\"887\" \/>\n\t<meta property=\"og:image:type\" content=\"image\/jpeg\" \/>\n<meta name=\"twitter:card\" content=\"summary_large_image\" \/>\n<meta name=\"twitter:label1\" content=\"Gesch\u00e4tzte Lesezeit\" \/>\n\t<meta name=\"twitter:data1\" content=\"1\u00a0Minute\" \/>\n<script type=\"application\/ld+json\" class=\"yoast-schema-graph\">{\"@context\":\"https:\\\/\\\/schema.org\",\"@graph\":[{\"@type\":\"WebPage\",\"@id\":\"https:\\\/\\\/viersindausgeflogen.de\\\/?page_id=126\",\"url\":\"https:\\\/\\\/viersindausgeflogen.de\\\/?page_id=126\",\"name\":\"Thailand mit Kindern - Viersindausgeflogen\",\"isPartOf\":{\"@id\":\"https:\\\/\\\/viersindausgeflogen.de\\\/#website\"},\"primaryImageOfPage\":{\"@id\":\"https:\\\/\\\/viersindausgeflogen.de\\\/?page_id=126#primaryimage\"},\"image\":{\"@id\":\"https:\\\/\\\/viersindausgeflogen.de\\\/?page_id=126#primaryimage\"},\"thumbnailUrl\":\"https:\\\/\\\/viersindausgeflogen.de\\\/wp-content\\\/uploads\\\/2020\\\/02\\\/CB70BC39-D560-4833-A3AB-B34C5DF761A2.jpeg\",\"datePublished\":\"2020-02-23T06:16:57+00:00\",\"dateModified\":\"2020-02-28T14:48:11+00:00\",\"breadcrumb\":{\"@id\":\"https:\\\/\\\/viersindausgeflogen.de\\\/?page_id=126#breadcrumb\"},\"inLanguage\":\"de\",\"potentialAction\":[{\"@type\":\"ReadAction\",\"target\":[\"https:\\\/\\\/viersindausgeflogen.de\\\/?page_id=126\"]}]},{\"@type\":\"ImageObject\",\"inLanguage\":\"de\",\"@id\":\"https:\\\/\\\/viersindausgeflogen.de\\\/?page_id=126#primaryimage\",\"url\":\"https:\\\/\\\/viersindausgeflogen.de\\\/wp-content\\\/uploads\\\/2020\\\/02\\\/CB70BC39-D560-4833-A3AB-B34C5DF761A2.jpeg\",\"contentUrl\":\"https:\\\/\\\/viersindausgeflogen.de\\\/wp-content\\\/uploads\\\/2020\\\/02\\\/CB70BC39-D560-4833-A3AB-B34C5DF761A2.jpeg\",\"width\":1782,\"height\":887},{\"@type\":\"BreadcrumbList\",\"@id\":\"https:\\\/\\\/viersindausgeflogen.de\\\/?page_id=126#breadcrumb\",\"itemListElement\":[{\"@type\":\"ListItem\",\"position\":1,\"name\":\"Startseite\",\"item\":\"https:\\\/\\\/viersindausgeflogen.de\\\/\"},{\"@type\":\"ListItem\",\"position\":2,\"name\":\"Thailand mit Kindern\"}]},{\"@type\":\"WebSite\",\"@id\":\"https:\\\/\\\/viersindausgeflogen.de\\\/#website\",\"url\":\"https:\\\/\\\/viersindausgeflogen.de\\\/\",\"name\":\"Viersindausgeflogen\",\"description\":\"Reiseblog\",\"potentialAction\":[{\"@type\":\"SearchAction\",\"target\":{\"@type\":\"EntryPoint\",\"urlTemplate\":\"https:\\\/\\\/viersindausgeflogen.de\\\/?s={search_term_string}\"},\"query-input\":{\"@type\":\"PropertyValueSpecification\",\"valueRequired\":true,\"valueName\":\"search_term_string\"}}],\"inLanguage\":\"de\"}]}<\/script>\n<!-- \/ Yoast SEO plugin. -->","yoast_head_json":{"title":"Thailand mit Kindern - Viersindausgeflogen","robots":{"index":"index","follow":"follow","max-snippet":"max-snippet:-1","max-image-preview":"max-image-preview:large","max-video-preview":"max-video-preview:-1"},"canonical":"https:\/\/viersindausgeflogen.de\/?page_id=126","og_locale":"de_DE","og_type":"article","og_title":"Thailand mit Kindern - Viersindausgeflogen","og_description":"Als wir vor unserem ersten Thailandurlaub ( Kinder damals knapp 1 Jahr und 4 Jahre) unser Reiseziel erw\u00e4hnten, war oft&hellip;","og_url":"https:\/\/viersindausgeflogen.de\/?page_id=126","og_site_name":"Viersindausgeflogen","article_modified_time":"2020-02-28T14:48:11+00:00","og_image":[{"width":1782,"height":887,"url":"https:\/\/viersindausgeflogen.de\/wp-content\/uploads\/2020\/02\/CB70BC39-D560-4833-A3AB-B34C5DF761A2.jpeg","type":"image\/jpeg"}],"twitter_card":"summary_large_image","twitter_misc":{"Gesch\u00e4tzte Lesezeit":"1\u00a0Minute"},"schema":{"@context":"https:\/\/schema.org","@graph":[{"@type":"WebPage","@id":"https:\/\/viersindausgeflogen.de\/?page_id=126","url":"https:\/\/viersindausgeflogen.de\/?page_id=126","name":"Thailand mit Kindern - Viersindausgeflogen","isPartOf":{"@id":"https:\/\/viersindausgeflogen.de\/#website"},"primaryImageOfPage":{"@id":"https:\/\/viersindausgeflogen.de\/?page_id=126#primaryimage"},"image":{"@id":"https:\/\/viersindausgeflogen.de\/?page_id=126#primaryimage"},"thumbnailUrl":"https:\/\/viersindausgeflogen.de\/wp-content\/uploads\/2020\/02\/CB70BC39-D560-4833-A3AB-B34C5DF761A2.jpeg","datePublished":"2020-02-23T06:16:57+00:00","dateModified":"2020-02-28T14:48:11+00:00","breadcrumb":{"@id":"https:\/\/viersindausgeflogen.de\/?page_id=126#breadcrumb"},"inLanguage":"de","potentialAction":[{"@type":"ReadAction","target":["https:\/\/viersindausgeflogen.de\/?page_id=126"]}]},{"@type":"ImageObject","inLanguage":"de","@id":"https:\/\/viersindausgeflogen.de\/?page_id=126#primaryimage","url":"https:\/\/viersindausgeflogen.de\/wp-content\/uploads\/2020\/02\/CB70BC39-D560-4833-A3AB-B34C5DF761A2.jpeg","contentUrl":"https:\/\/viersindausgeflogen.de\/wp-content\/uploads\/2020\/02\/CB70BC39-D560-4833-A3AB-B34C5DF761A2.jpeg","width":1782,"height":887},{"@type":"BreadcrumbList","@id":"https:\/\/viersindausgeflogen.de\/?page_id=126#breadcrumb","itemListElement":[{"@type":"ListItem","position":1,"name":"Startseite","item":"https:\/\/viersindausgeflogen.de\/"},{"@type":"ListItem","position":2,"name":"Thailand mit Kindern"}]},{"@type":"WebSite","@id":"https:\/\/viersindausgeflogen.de\/#website","url":"https:\/\/viersindausgeflogen.de\/","name":"Viersindausgeflogen","description":"Reiseblog","potentialAction":[{"@type":"SearchAction","target":{"@type":"EntryPoint","urlTemplate":"https:\/\/viersindausgeflogen.de\/?s={search_term_string}"},"query-input":{"@type":"PropertyValueSpecification","valueRequired":true,"valueName":"search_term_string"}}],"inLanguage":"de"}]}},"jetpack_sharing_enabled":true,"_links":{"self":[{"href":"https:\/\/viersindausgeflogen.de\/index.php?rest_route=\/wp\/v2\/pages\/126","targetHints":{"allow":["GET"]}}],"collection":[{"href":"https:\/\/viersindausgeflogen.de\/index.php?rest_route=\/wp\/v2\/pages"}],"about":[{"href":"https:\/\/viersindausgeflogen.de\/index.php?rest_route=\/wp\/v2\/types\/page"}],"author":[{"embeddable":true,"href":"https:\/\/viersindausgeflogen.de\/index.php?rest_route=\/wp\/v2\/users\/1"}],"replies":[{"embeddable":true,"href":"https:\/\/viersindausgeflogen.de\/index.php?rest_route=%2Fwp%2Fv2%2Fcomments&post=126"}],"version-history":[{"count":13,"href":"https:\/\/viersindausgeflogen.de\/index.php?rest_route=\/wp\/v2\/pages\/126\/revisions"}],"predecessor-version":[{"id":975,"href":"https:\/\/viersindausgeflogen.de\/index.php?rest_route=\/wp\/v2\/pages\/126\/revisions\/975"}],"wp:featuredmedia":[{"embeddable":true,"href":"https:\/\/viersindausgeflogen.de\/index.php?rest_route=\/wp\/v2\/media\/277"}],"wp:attachment":[{"href":"https:\/\/viersindausgeflogen.de\/index.php?rest_route=%2Fwp%2Fv2%2Fmedia&parent=126"}],"curies":[{"name":"wp","href":"https:\/\/api.w.org\/{rel}","templated":true}]}}