{"id":1060,"date":"2020-03-01T18:33:16","date_gmt":"2020-03-01T17:33:16","guid":{"rendered":"http:\/\/viersindausgeflogen.de\/?page_id=1060"},"modified":"2020-08-22T09:59:36","modified_gmt":"2020-08-22T08:59:36","slug":"koh-tao","status":"publish","type":"page","link":"https:\/\/viersindausgeflogen.de\/?page_id=1060","title":{"rendered":"Koh Tao"},"content":{"rendered":"\n<h2 class=\"wp-block-heading\">Koh Tao<\/h2>\n\n\n\n<p>Koh Tao, die Schildkr\u00f6teninsel (aufgrund ihrer Form), ist die kleinste der 3 Golfinseln.<\/p>\n\n\n\n<p>Sie ist vor allem bei Tauchern und Schnorchlern beliebt. Aus diesem Grund hat es etwas gedauert, bis wir uns f\u00fcr einen Besuch entschieden haben, wir wollten, dass die Kinder schnorcheln k\u00f6nnen. Es waren aber auch viele Familien mit kleineren Kindern dort, allerdings ist die Fortbewegung auf Koh Tao, \u00e4hnlich wie auf Phangan, ohne Roller nicht ganz einfach. Um die verschiedenen Buchten zu besuchen, mietet man sich am besten ein Taxiboot, diese sind an jedem Strand anzumieten. <br>Wir haben insgesamt 7 N\u00e4chte auf der Insel verbracht, 4 davon am Sairee Beach und 3 an der Tanote Bay zum Schnorcheln. Am Sairee geht es lebhaft zu, es gibt diverse Restaurants, Bars, 7eleven und Strassenstr\u00e4nde. Tags\u00fcber ist es aber ruhig, da die meisten auf Tauchg\u00e4ngen oder Schnorcheltouren sind.<br>Am Abend kann man Party machen oder einfach irgendwo am Strand sitzen und etwas trinken. Wir waren in der Lotus Bar, wo es jeden Abend eine Feuershow gibt, Kian und Sven durften sogar mitmachen, Kian war nat\u00fcrlich stolz wie bolle. Defintiv eine bleibende Erinnerung an unseren Koh Tao Aufenthalt.<\/p>\n\n\n\n<p>Wie Koh Phangan, ist auch Koh Tao nur per F\u00e4hre erreichbar.<\/p>\n\n\n\n<h2 class=\"wp-block-heading\">Die Anreise<\/h2>\n\n\n\n<p>Am schnellsten gehts per Flugzeug \u00fcber Koh Samui, aber eben teuer.<br>Am g\u00fcnstigsten nach Koh Tao kommt man mit dem Lomprayah Bus ab Bangkok. Wir haben dem Bus nicht getraut, obwohl wir eigenlich nur positives gelesen hatten und letztlich dann auf die Variante Flug mit Nok Air ab Bangkok (Don Muang)nach Chumphon zur\u00fcckgegriffen. Zugegeben das Mini Flugzeug wirkte zun\u00e4chst nicht gerade vertrauenserweckend, aber eine Stunde Flug ging dann doch schnell rum.Von Chumphon ging es weiter mit dem Bus zur F\u00e4hre. Auch hier gabs wieder nette Aufkleber, die verrieten DIE DA m\u00fcssen nach Koh Tao. Das Einl\u00f6sen von den Tickets in neue Tickets am Flughafen Chumphon haben wir nicht so ganz verstanden-m\u00fcssen wir ja auch nicht.<br>Lerzlich sa\u00dfen wir dann bereits 30 Minuten nach der Landung im Bus zum Pier. Das Lomprayah Speedboat braucht dann ca. 1 Stunden bis Koh Tao mit kurzem Stopp bei Koh Nang Yuan.<\/p>\n\n\n\n<figure class=\"wp-block-gallery columns-2 is-cropped wp-block-gallery-1 is-layout-flex wp-block-gallery-is-layout-flex\"><ul class=\"blocks-gallery-grid\"><li class=\"blocks-gallery-item\"><figure><img loading=\"lazy\" decoding=\"async\" width=\"1024\" height=\"768\" src=\"http:\/\/viersindausgeflogen.de\/wp-content\/uploads\/2020\/03\/B254FFC7-47F8-4196-90E1-E7890E3B7C15-1024x768.jpeg\" alt=\"\" data-id=\"1184\" data-full-url=\"http:\/\/viersindausgeflogen.de\/wp-content\/uploads\/2020\/03\/B254FFC7-47F8-4196-90E1-E7890E3B7C15.jpeg\" data-link=\"http:\/\/viersindausgeflogen.de\/?attachment_id=1184\" class=\"wp-image-1184\" srcset=\"https:\/\/viersindausgeflogen.de\/wp-content\/uploads\/2020\/03\/B254FFC7-47F8-4196-90E1-E7890E3B7C15-1024x768.jpeg 1024w, https:\/\/viersindausgeflogen.de\/wp-content\/uploads\/2020\/03\/B254FFC7-47F8-4196-90E1-E7890E3B7C15-300x225.jpeg 300w, https:\/\/viersindausgeflogen.de\/wp-content\/uploads\/2020\/03\/B254FFC7-47F8-4196-90E1-E7890E3B7C15-768x576.jpeg 768w, https:\/\/viersindausgeflogen.de\/wp-content\/uploads\/2020\/03\/B254FFC7-47F8-4196-90E1-E7890E3B7C15-1536x1152.jpeg 1536w, https:\/\/viersindausgeflogen.de\/wp-content\/uploads\/2020\/03\/B254FFC7-47F8-4196-90E1-E7890E3B7C15-1600x1200.jpeg 1600w, https:\/\/viersindausgeflogen.de\/wp-content\/uploads\/2020\/03\/B254FFC7-47F8-4196-90E1-E7890E3B7C15.jpeg 2048w\" sizes=\"auto, (max-width: 1024px) 100vw, 1024px\" \/><\/figure><\/li><li class=\"blocks-gallery-item\"><figure><img loading=\"lazy\" decoding=\"async\" width=\"768\" height=\"1024\" src=\"http:\/\/viersindausgeflogen.de\/wp-content\/uploads\/2020\/03\/FD59F7D1-C489-497E-851B-877B44F01C29-768x1024.jpeg\" alt=\"\" data-id=\"1185\" data-full-url=\"http:\/\/viersindausgeflogen.de\/wp-content\/uploads\/2020\/03\/FD59F7D1-C489-497E-851B-877B44F01C29.jpeg\" data-link=\"http:\/\/viersindausgeflogen.de\/?attachment_id=1185\" class=\"wp-image-1185\" srcset=\"https:\/\/viersindausgeflogen.de\/wp-content\/uploads\/2020\/03\/FD59F7D1-C489-497E-851B-877B44F01C29-768x1024.jpeg 768w, https:\/\/viersindausgeflogen.de\/wp-content\/uploads\/2020\/03\/FD59F7D1-C489-497E-851B-877B44F01C29-225x300.jpeg 225w, https:\/\/viersindausgeflogen.de\/wp-content\/uploads\/2020\/03\/FD59F7D1-C489-497E-851B-877B44F01C29-1152x1536.jpeg 1152w, https:\/\/viersindausgeflogen.de\/wp-content\/uploads\/2020\/03\/FD59F7D1-C489-497E-851B-877B44F01C29.jpeg 1536w\" sizes=\"auto, (max-width: 768px) 100vw, 768px\" \/><\/figure><\/li><\/ul><\/figure>\n\n\n\n<h2 class=\"wp-block-heading\">Ausfl\u00fcge\/Touren<\/h2>\n\n\n\n<p>Koh Tao ist f\u00fcr jegliche Art von Tauch-und Schnorchelausfl\u00fcge geeignet.auch Kletterer kommen auf ihre Kosten. Es gibt in der N\u00e4he des Sairee auch einen Wander\/Dschungelweg zu einem tollen View Point ( John-Suwan), zumindest wurde uns das von einem jungen Schweizer P\u00e4rchen berichtet-meine M\u00e4nner waren allesamt zu faul, so da\u00df wir uns selbst kein Bild davon gemacht haben. Einzigeste Manko, man bezahlt &#8222;Eintritt&#8220;. Aber auch  an der Mango Bay und der Westk\u00fcste findet man tolle Aussichtspunkte, einfach mal googeln.<\/p>\n\n\n\n<h2 class=\"wp-block-heading\">Koh Nang Yuan<\/h2>\n\n\n\n<p>Eigentlich ebenfalls ein Ausflugsziel, dennoch m\u00f6chte ich auf Koh Nang Yuan  einen eigenen Abschnitt widmen. Bereits beim Durchst\u00f6bern der Bewertungen, waren wir uns nicht ganz einig, ob ein Besuch lohnenswert oder eher dem Massentourismus entspricht. So hatten wir von Unmengen an Chinesen, Abzocke bei Liegest\u00fchlen und Handtuchverboten an den kleinen Strand gelesen ( Hintergrund ist der, dass der Strand dadurch abgetragen wird). Letztlich war ich doch so angefixt von dem tollen Fotomotiv, dass ich mich durchgesetzt habe und wir uns mit dem Taxiboat direkt morgens auf den Weg machten. Gebucht hatten wir das am Abend zuvor \u00fcber die Rezeption beim Hotel, der Preis ist \u00fcberall der gleiche und die Fahrer sprechen sich auch ab, damit kein Boot halbleer bleibt. So wurden wir am morgen also mit einer Gruppe Spanier einem Boot zugeteilt und kamen dann nach ca. 10 Minuten an der Insel an. Den Eintritt zur Insel ( 100 Baht) bezahlt man vor Ort. Dort mussten Sven und ich erstmal unsere Wasserschuhe abgeben( es geht wohl darum nicht auf die Korallen zu stehen, dazu nachher mehr), im Gegensatz zu den Plastikflaschen, bekommt man diese aber beim Verlassen der Insel wieder. Die Kinder, die die gleichen Schuhe hatten durften ihre aber behalten. Die Holzwege werden wirklich sehr heiss und ein paar Stunden sp\u00e4ter h\u00e4tten wir den Aufstieg zum Viewpoint, barfuss, vermutlich nicht mehr geschafft. Am besten sind wohl Flip Flops, die darf man behalten. Der Aufstieg ist zwar nicht ohne, aber war auch f\u00fcr die Kinder gut machbar. Einzig mit der Moskito Attacke hatten wir nicht gerechnet und waren dankbar, dass unsere Landsleute etwas dabeihatten und mit uns teilten.   Oben angekommen war da nicht viel los bzw. es ging sehr zivilisiert zu. Man wartet bis der\/diejenigen vor einem alle Fotos gemacht hat und ist dann selbst an der Reihe. Durch die \u00d6ffnungszeiten der Insel, wird man wohl nie ganz alleine sein, aber so konnten wir wenigsten jemand bitten auch eine Aufnahme mit uns allen zu machen, ganz ohne Selfie-Stick. Wir hatten insgesamt 2 Stunden auf der Insel und die restliche Stunde wollten wir zum Schnorcheln nutzen. Man kann sich Liegest\u00fchle und Schirme mieten oder etwas abseits sich einen Platz am Strand suchen. Wir hatten geh\u00f6rt Handt\u00fccher sind verboten, wegen der Abtragung des Sandes, als woe da waren hat das aber wohl niemanden gest\u00f6rt.<\/p>\n\n\n\n<p>Nun zum Schnorcheln: Das Wasser war wirklich kristallklar und traumhaft. Auch die Massen an Chinesen konnten wir nicht sichten. Ein wunderbare Korallen und Fischwelt allerdings auch nicht. Die Korallen waren gr\u00f6sstenteils tot und ein Verbot von Flossen und Schuhen h\u00e4tte eventuell ein paar Jahre zuvor etwas gebracht. Was sicher auch unglaublich helfen w\u00fcrde, wenn die Menschen mehr mitdenken und sich halt einfach nicht auf Lebewesen stellen w\u00fcrden! Schwimmen lernen ,wenn man schnorcheln m\u00f6chte w\u00e4re auch so ein Tipp, so kann man die F\u00fcsse eigentlich immer gut oben behalten, unser 5 j\u00e4hriger mit Schwimmweste hat das zumindest hinbekommen.<\/p>\n\n\n\n<p>Nach einem \u00fcberteuerten Getr\u00e4nk aus einer Glasflasche ging es dann wieder Richtung Anleger. Unser Boot sahen wir gleich, das Einsteigen war allerdings etwas abenteuerlich, da wir erst 4 andere Boote \u00fcberqueren mussten. Unser \u201eKapit\u00e4n\u201c war uns behilflich und Kian wurde kurzerhand einfach ins Boot getragen- ja kinderlieb sind sie halt die Thais.<br>Alleine mit einem jungen Schweizer P\u00e4rchen, gings dann mit Volldampf zur\u00fcck und wir wurden ganz sch\u00f6n nass-die Jungs hatten Spa\u00df.<\/p>\n\n\n\n<p>Unser Fazit: Wir haben den Ausflug nicht bereut, die Insel ist wirklich sehr sch\u00f6n, aber wir haben sie nun gesehen und m\u00fcssen nicht nochmal hin-es sei denn wir brauchen wieder neue Fotos \ud83d\ude42<\/p>\n\n\n\n<figure class=\"wp-block-gallery columns-3 is-cropped wp-block-gallery-2 is-layout-flex wp-block-gallery-is-layout-flex\"><ul class=\"blocks-gallery-grid\"><li class=\"blocks-gallery-item\"><figure><img loading=\"lazy\" decoding=\"async\" width=\"1024\" height=\"768\" src=\"http:\/\/viersindausgeflogen.de\/wp-content\/uploads\/2020\/03\/40E9E575-0989-4809-9CFF-178EC5D7FC36-1024x768.jpeg\" alt=\"\" data-id=\"1236\" data-full-url=\"http:\/\/viersindausgeflogen.de\/wp-content\/uploads\/2020\/03\/40E9E575-0989-4809-9CFF-178EC5D7FC36.jpeg\" data-link=\"http:\/\/viersindausgeflogen.de\/?attachment_id=1236\" class=\"wp-image-1236\" srcset=\"https:\/\/viersindausgeflogen.de\/wp-content\/uploads\/2020\/03\/40E9E575-0989-4809-9CFF-178EC5D7FC36-1024x768.jpeg 1024w, https:\/\/viersindausgeflogen.de\/wp-content\/uploads\/2020\/03\/40E9E575-0989-4809-9CFF-178EC5D7FC36-300x225.jpeg 300w, https:\/\/viersindausgeflogen.de\/wp-content\/uploads\/2020\/03\/40E9E575-0989-4809-9CFF-178EC5D7FC36-768x576.jpeg 768w, https:\/\/viersindausgeflogen.de\/wp-content\/uploads\/2020\/03\/40E9E575-0989-4809-9CFF-178EC5D7FC36-1536x1152.jpeg 1536w, https:\/\/viersindausgeflogen.de\/wp-content\/uploads\/2020\/03\/40E9E575-0989-4809-9CFF-178EC5D7FC36-1600x1200.jpeg 1600w, https:\/\/viersindausgeflogen.de\/wp-content\/uploads\/2020\/03\/40E9E575-0989-4809-9CFF-178EC5D7FC36.jpeg 2048w\" sizes=\"auto, (max-width: 1024px) 100vw, 1024px\" \/><\/figure><\/li><li class=\"blocks-gallery-item\"><figure><img loading=\"lazy\" decoding=\"async\" width=\"768\" height=\"1024\" src=\"http:\/\/viersindausgeflogen.de\/wp-content\/uploads\/2020\/03\/1B942CBE-1507-4B88-BE26-8A4753D8E2E1-768x1024.jpeg\" alt=\"\" data-id=\"1238\" data-full-url=\"http:\/\/viersindausgeflogen.de\/wp-content\/uploads\/2020\/03\/1B942CBE-1507-4B88-BE26-8A4753D8E2E1.jpeg\" data-link=\"http:\/\/viersindausgeflogen.de\/?attachment_id=1238\" class=\"wp-image-1238\" srcset=\"https:\/\/viersindausgeflogen.de\/wp-content\/uploads\/2020\/03\/1B942CBE-1507-4B88-BE26-8A4753D8E2E1-768x1024.jpeg 768w, https:\/\/viersindausgeflogen.de\/wp-content\/uploads\/2020\/03\/1B942CBE-1507-4B88-BE26-8A4753D8E2E1-225x300.jpeg 225w, https:\/\/viersindausgeflogen.de\/wp-content\/uploads\/2020\/03\/1B942CBE-1507-4B88-BE26-8A4753D8E2E1-1152x1536.jpeg 1152w, https:\/\/viersindausgeflogen.de\/wp-content\/uploads\/2020\/03\/1B942CBE-1507-4B88-BE26-8A4753D8E2E1.jpeg 1536w\" sizes=\"auto, (max-width: 768px) 100vw, 768px\" \/><\/figure><\/li><li class=\"blocks-gallery-item\"><figure><img loading=\"lazy\" decoding=\"async\" width=\"768\" height=\"1024\" src=\"http:\/\/viersindausgeflogen.de\/wp-content\/uploads\/2020\/03\/7AF456BC-A0B0-4597-A002-5BA5AF6CF18C-768x1024.jpeg\" alt=\"\" data-id=\"1237\" data-full-url=\"http:\/\/viersindausgeflogen.de\/wp-content\/uploads\/2020\/03\/7AF456BC-A0B0-4597-A002-5BA5AF6CF18C.jpeg\" data-link=\"http:\/\/viersindausgeflogen.de\/?attachment_id=1237\" class=\"wp-image-1237\" srcset=\"https:\/\/viersindausgeflogen.de\/wp-content\/uploads\/2020\/03\/7AF456BC-A0B0-4597-A002-5BA5AF6CF18C-768x1024.jpeg 768w, https:\/\/viersindausgeflogen.de\/wp-content\/uploads\/2020\/03\/7AF456BC-A0B0-4597-A002-5BA5AF6CF18C-225x300.jpeg 225w, https:\/\/viersindausgeflogen.de\/wp-content\/uploads\/2020\/03\/7AF456BC-A0B0-4597-A002-5BA5AF6CF18C-1152x1536.jpeg 1152w, https:\/\/viersindausgeflogen.de\/wp-content\/uploads\/2020\/03\/7AF456BC-A0B0-4597-A002-5BA5AF6CF18C.jpeg 1536w\" sizes=\"auto, (max-width: 768px) 100vw, 768px\" \/><\/figure><\/li><li class=\"blocks-gallery-item\"><figure><img loading=\"lazy\" decoding=\"async\" width=\"1024\" height=\"768\" src=\"http:\/\/viersindausgeflogen.de\/wp-content\/uploads\/2020\/03\/7B4388A9-A852-4685-9288-538FE97006D9-1024x768.jpeg\" alt=\"\" data-id=\"1239\" data-full-url=\"http:\/\/viersindausgeflogen.de\/wp-content\/uploads\/2020\/03\/7B4388A9-A852-4685-9288-538FE97006D9-scaled.jpeg\" data-link=\"http:\/\/viersindausgeflogen.de\/?attachment_id=1239\" class=\"wp-image-1239\" srcset=\"https:\/\/viersindausgeflogen.de\/wp-content\/uploads\/2020\/03\/7B4388A9-A852-4685-9288-538FE97006D9-1024x768.jpeg 1024w, https:\/\/viersindausgeflogen.de\/wp-content\/uploads\/2020\/03\/7B4388A9-A852-4685-9288-538FE97006D9-300x225.jpeg 300w, https:\/\/viersindausgeflogen.de\/wp-content\/uploads\/2020\/03\/7B4388A9-A852-4685-9288-538FE97006D9-768x576.jpeg 768w, https:\/\/viersindausgeflogen.de\/wp-content\/uploads\/2020\/03\/7B4388A9-A852-4685-9288-538FE97006D9-1536x1152.jpeg 1536w, https:\/\/viersindausgeflogen.de\/wp-content\/uploads\/2020\/03\/7B4388A9-A852-4685-9288-538FE97006D9-2048x1536.jpeg 2048w, https:\/\/viersindausgeflogen.de\/wp-content\/uploads\/2020\/03\/7B4388A9-A852-4685-9288-538FE97006D9-1600x1200.jpeg 1600w\" sizes=\"auto, (max-width: 1024px) 100vw, 1024px\" \/><\/figure><\/li><li class=\"blocks-gallery-item\"><figure><img loading=\"lazy\" decoding=\"async\" width=\"768\" height=\"1024\" src=\"http:\/\/viersindausgeflogen.de\/wp-content\/uploads\/2020\/02\/EA34B312-AE10-406F-8246-3C6E2515A871-768x1024.jpeg\" alt=\"\" data-id=\"9\" data-full-url=\"http:\/\/viersindausgeflogen.de\/wp-content\/uploads\/2020\/02\/EA34B312-AE10-406F-8246-3C6E2515A871.jpeg\" data-link=\"http:\/\/viersindausgeflogen.de\/?attachment_id=9\" class=\"wp-image-9\" srcset=\"https:\/\/viersindausgeflogen.de\/wp-content\/uploads\/2020\/02\/EA34B312-AE10-406F-8246-3C6E2515A871-768x1024.jpeg 768w, https:\/\/viersindausgeflogen.de\/wp-content\/uploads\/2020\/02\/EA34B312-AE10-406F-8246-3C6E2515A871-225x300.jpeg 225w, https:\/\/viersindausgeflogen.de\/wp-content\/uploads\/2020\/02\/EA34B312-AE10-406F-8246-3C6E2515A871-1152x1536.jpeg 1152w, https:\/\/viersindausgeflogen.de\/wp-content\/uploads\/2020\/02\/EA34B312-AE10-406F-8246-3C6E2515A871.jpeg 1536w\" sizes=\"auto, (max-width: 768px) 100vw, 768px\" \/><figcaption class=\"blocks-gallery-item__caption\">Viewpoint<\/figcaption><\/figure><\/li><\/ul><\/figure>\n\n\n\n<h2 class=\"wp-block-heading\">Schnorcheln auf Koh Tao<\/h2>\n\n\n\n<p>Wir m\u00f6chten jetzt nicht den Eindruck erwecken Koh Tao lohne sich nur zum Schnorcheln, dennoch ist es eben der beste Ort um im Golf die Unterwasserwelt zu erkunden.<br><\/p>\n\n\n\n<h2 class=\"wp-block-heading\">Hoteltipps <a href=\"http:\/\/viersindausgeflogen.de\/?page_id=440\">hier<\/a><\/h2>\n\n\n\n<p><\/p>\n","protected":false},"excerpt":{"rendered":"<p>Koh Tao Koh Tao, die Schildkr\u00f6teninsel (aufgrund ihrer Form), ist die kleinste der 3 Golfinseln. Sie ist vor allem bei&hellip;<\/p>\n","protected":false},"author":1,"featured_media":0,"parent":0,"menu_order":0,"comment_status":"closed","ping_status":"closed","template":"","meta":{"footnotes":""},"class_list":["post-1060","page","type-page","status-publish","hentry"],"yoast_head":"<!-- This site is optimized with the Yoast SEO plugin v27.5 - https:\/\/yoast.com\/product\/yoast-seo-wordpress\/ -->\n<title>Koh Tao - Viersindausgeflogen<\/title>\n<meta name=\"robots\" content=\"index, follow, max-snippet:-1, max-image-preview:large, max-video-preview:-1\" \/>\n<link rel=\"canonical\" href=\"https:\/\/viersindausgeflogen.de\/?page_id=1060\" \/>\n<meta property=\"og:locale\" content=\"de_DE\" \/>\n<meta property=\"og:type\" content=\"article\" \/>\n<meta property=\"og:title\" content=\"Koh Tao - Viersindausgeflogen\" \/>\n<meta property=\"og:description\" content=\"Koh Tao Koh Tao, die Schildkr\u00f6teninsel (aufgrund ihrer Form), ist die kleinste der 3 Golfinseln. Sie ist vor allem bei&hellip;\" \/>\n<meta property=\"og:url\" content=\"https:\/\/viersindausgeflogen.de\/?page_id=1060\" \/>\n<meta property=\"og:site_name\" content=\"Viersindausgeflogen\" \/>\n<meta property=\"article:modified_time\" content=\"2020-08-22T08:59:36+00:00\" \/>\n<meta property=\"og:image\" content=\"http:\/\/viersindausgeflogen.de\/wp-content\/uploads\/2020\/03\/B254FFC7-47F8-4196-90E1-E7890E3B7C15-1024x768.jpeg\" \/>\n<meta name=\"twitter:card\" content=\"summary_large_image\" \/>\n<meta name=\"twitter:label1\" content=\"Gesch\u00e4tzte Lesezeit\" \/>\n\t<meta name=\"twitter:data1\" content=\"5\u00a0Minuten\" \/>\n<script type=\"application\/ld+json\" class=\"yoast-schema-graph\">{\"@context\":\"https:\\\/\\\/schema.org\",\"@graph\":[{\"@type\":\"WebPage\",\"@id\":\"https:\\\/\\\/viersindausgeflogen.de\\\/?page_id=1060\",\"url\":\"https:\\\/\\\/viersindausgeflogen.de\\\/?page_id=1060\",\"name\":\"Koh Tao - Viersindausgeflogen\",\"isPartOf\":{\"@id\":\"https:\\\/\\\/viersindausgeflogen.de\\\/#website\"},\"primaryImageOfPage\":{\"@id\":\"https:\\\/\\\/viersindausgeflogen.de\\\/?page_id=1060#primaryimage\"},\"image\":{\"@id\":\"https:\\\/\\\/viersindausgeflogen.de\\\/?page_id=1060#primaryimage\"},\"thumbnailUrl\":\"http:\\\/\\\/viersindausgeflogen.de\\\/wp-content\\\/uploads\\\/2020\\\/03\\\/B254FFC7-47F8-4196-90E1-E7890E3B7C15-1024x768.jpeg\",\"datePublished\":\"2020-03-01T17:33:16+00:00\",\"dateModified\":\"2020-08-22T08:59:36+00:00\",\"breadcrumb\":{\"@id\":\"https:\\\/\\\/viersindausgeflogen.de\\\/?page_id=1060#breadcrumb\"},\"inLanguage\":\"de\",\"potentialAction\":[{\"@type\":\"ReadAction\",\"target\":[\"https:\\\/\\\/viersindausgeflogen.de\\\/?page_id=1060\"]}]},{\"@type\":\"ImageObject\",\"inLanguage\":\"de\",\"@id\":\"https:\\\/\\\/viersindausgeflogen.de\\\/?page_id=1060#primaryimage\",\"url\":\"http:\\\/\\\/viersindausgeflogen.de\\\/wp-content\\\/uploads\\\/2020\\\/03\\\/B254FFC7-47F8-4196-90E1-E7890E3B7C15-1024x768.jpeg\",\"contentUrl\":\"http:\\\/\\\/viersindausgeflogen.de\\\/wp-content\\\/uploads\\\/2020\\\/03\\\/B254FFC7-47F8-4196-90E1-E7890E3B7C15-1024x768.jpeg\"},{\"@type\":\"BreadcrumbList\",\"@id\":\"https:\\\/\\\/viersindausgeflogen.de\\\/?page_id=1060#breadcrumb\",\"itemListElement\":[{\"@type\":\"ListItem\",\"position\":1,\"name\":\"Startseite\",\"item\":\"https:\\\/\\\/viersindausgeflogen.de\\\/\"},{\"@type\":\"ListItem\",\"position\":2,\"name\":\"Koh Tao\"}]},{\"@type\":\"WebSite\",\"@id\":\"https:\\\/\\\/viersindausgeflogen.de\\\/#website\",\"url\":\"https:\\\/\\\/viersindausgeflogen.de\\\/\",\"name\":\"Viersindausgeflogen\",\"description\":\"Reiseblog\",\"potentialAction\":[{\"@type\":\"SearchAction\",\"target\":{\"@type\":\"EntryPoint\",\"urlTemplate\":\"https:\\\/\\\/viersindausgeflogen.de\\\/?s={search_term_string}\"},\"query-input\":{\"@type\":\"PropertyValueSpecification\",\"valueRequired\":true,\"valueName\":\"search_term_string\"}}],\"inLanguage\":\"de\"}]}<\/script>\n<!-- \/ Yoast SEO plugin. -->","yoast_head_json":{"title":"Koh Tao - Viersindausgeflogen","robots":{"index":"index","follow":"follow","max-snippet":"max-snippet:-1","max-image-preview":"max-image-preview:large","max-video-preview":"max-video-preview:-1"},"canonical":"https:\/\/viersindausgeflogen.de\/?page_id=1060","og_locale":"de_DE","og_type":"article","og_title":"Koh Tao - Viersindausgeflogen","og_description":"Koh Tao Koh Tao, die Schildkr\u00f6teninsel (aufgrund ihrer Form), ist die kleinste der 3 Golfinseln. Sie ist vor allem bei&hellip;","og_url":"https:\/\/viersindausgeflogen.de\/?page_id=1060","og_site_name":"Viersindausgeflogen","article_modified_time":"2020-08-22T08:59:36+00:00","og_image":[{"url":"http:\/\/viersindausgeflogen.de\/wp-content\/uploads\/2020\/03\/B254FFC7-47F8-4196-90E1-E7890E3B7C15-1024x768.jpeg","type":"","width":"","height":""}],"twitter_card":"summary_large_image","twitter_misc":{"Gesch\u00e4tzte Lesezeit":"5\u00a0Minuten"},"schema":{"@context":"https:\/\/schema.org","@graph":[{"@type":"WebPage","@id":"https:\/\/viersindausgeflogen.de\/?page_id=1060","url":"https:\/\/viersindausgeflogen.de\/?page_id=1060","name":"Koh Tao - Viersindausgeflogen","isPartOf":{"@id":"https:\/\/viersindausgeflogen.de\/#website"},"primaryImageOfPage":{"@id":"https:\/\/viersindausgeflogen.de\/?page_id=1060#primaryimage"},"image":{"@id":"https:\/\/viersindausgeflogen.de\/?page_id=1060#primaryimage"},"thumbnailUrl":"http:\/\/viersindausgeflogen.de\/wp-content\/uploads\/2020\/03\/B254FFC7-47F8-4196-90E1-E7890E3B7C15-1024x768.jpeg","datePublished":"2020-03-01T17:33:16+00:00","dateModified":"2020-08-22T08:59:36+00:00","breadcrumb":{"@id":"https:\/\/viersindausgeflogen.de\/?page_id=1060#breadcrumb"},"inLanguage":"de","potentialAction":[{"@type":"ReadAction","target":["https:\/\/viersindausgeflogen.de\/?page_id=1060"]}]},{"@type":"ImageObject","inLanguage":"de","@id":"https:\/\/viersindausgeflogen.de\/?page_id=1060#primaryimage","url":"http:\/\/viersindausgeflogen.de\/wp-content\/uploads\/2020\/03\/B254FFC7-47F8-4196-90E1-E7890E3B7C15-1024x768.jpeg","contentUrl":"http:\/\/viersindausgeflogen.de\/wp-content\/uploads\/2020\/03\/B254FFC7-47F8-4196-90E1-E7890E3B7C15-1024x768.jpeg"},{"@type":"BreadcrumbList","@id":"https:\/\/viersindausgeflogen.de\/?page_id=1060#breadcrumb","itemListElement":[{"@type":"ListItem","position":1,"name":"Startseite","item":"https:\/\/viersindausgeflogen.de\/"},{"@type":"ListItem","position":2,"name":"Koh Tao"}]},{"@type":"WebSite","@id":"https:\/\/viersindausgeflogen.de\/#website","url":"https:\/\/viersindausgeflogen.de\/","name":"Viersindausgeflogen","description":"Reiseblog","potentialAction":[{"@type":"SearchAction","target":{"@type":"EntryPoint","urlTemplate":"https:\/\/viersindausgeflogen.de\/?s={search_term_string}"},"query-input":{"@type":"PropertyValueSpecification","valueRequired":true,"valueName":"search_term_string"}}],"inLanguage":"de"}]}},"jetpack_sharing_enabled":true,"_links":{"self":[{"href":"https:\/\/viersindausgeflogen.de\/index.php?rest_route=\/wp\/v2\/pages\/1060","targetHints":{"allow":["GET"]}}],"collection":[{"href":"https:\/\/viersindausgeflogen.de\/index.php?rest_route=\/wp\/v2\/pages"}],"about":[{"href":"https:\/\/viersindausgeflogen.de\/index.php?rest_route=\/wp\/v2\/types\/page"}],"author":[{"embeddable":true,"href":"https:\/\/viersindausgeflogen.de\/index.php?rest_route=\/wp\/v2\/users\/1"}],"replies":[{"embeddable":true,"href":"https:\/\/viersindausgeflogen.de\/index.php?rest_route=%2Fwp%2Fv2%2Fcomments&post=1060"}],"version-history":[{"count":27,"href":"https:\/\/viersindausgeflogen.de\/index.php?rest_route=\/wp\/v2\/pages\/1060\/revisions"}],"predecessor-version":[{"id":1382,"href":"https:\/\/viersindausgeflogen.de\/index.php?rest_route=\/wp\/v2\/pages\/1060\/revisions\/1382"}],"wp:attachment":[{"href":"https:\/\/viersindausgeflogen.de\/index.php?rest_route=%2Fwp%2Fv2%2Fmedia&parent=1060"}],"curies":[{"name":"wp","href":"https:\/\/api.w.org\/{rel}","templated":true}]}}