{"id":1022,"date":"2020-03-01T17:03:18","date_gmt":"2020-03-01T16:03:18","guid":{"rendered":"http:\/\/viersindausgeflogen.de\/?page_id=1022"},"modified":"2020-03-01T17:03:19","modified_gmt":"2020-03-01T16:03:19","slug":"inseln-im-golf","status":"publish","type":"page","link":"https:\/\/viersindausgeflogen.de\/?page_id=1022","title":{"rendered":"Inseln im Golf"},"content":{"rendered":"\n<p>Die Inseln im Golf lassen sich am besten von April bis Oktober bereisen, dann beginnt dort die Regenzeit. <br>Auch wenn immer alle sagen, das sei nicht schlimm,  es regnet meist abends oder mal f\u00fcr 2 Stunden-ich stimme dem leider nicht zu. Die M\u00f6glichkeiten etwas zu unternehmen oder am Strand relaxen, ist bei Regen zwar machbar, aber nicht spassig! Wir hatten letztes Jahr im August\/ September auch etwas Pech und es war immer stark bedeckt, windig und es hat auch immer wieder  geregnet. Hotels etc. sind zur Regenzeit daf\u00fcr g\u00fcnstiger und man kann ja auch Gl\u00fcck haben. Also letztlich stecken wir im Wetter nicht drin.<\/p>\n\n\n\n<p>Als einzigste der Inseln ist Koh Samui per Flugzeug erreichbar. Dort gibt es einen Privatflughafen von Bangkok Airways ,welche sich das gut bezahlen lassen.<\/p>\n\n\n\n<p>Alternative Anreisewege haben wir bei den jeweiligen Inseln  genauer beschrieben.<\/p>\n\n\n\n\n\n\n\n<p><\/p>\n\n\n\n<div class=\"wp-block-columns is-layout-flex wp-container-core-columns-is-layout-9d6595d7 wp-block-columns-is-layout-flex\">\n<div class=\"wp-block-column is-layout-flow wp-block-column-is-layout-flow\"><\/div>\n\n\n\n<div class=\"wp-block-column is-layout-flow wp-block-column-is-layout-flow\">\n<p><\/p>\n<\/div>\n<\/div>\n\n\n\n<p><br><\/p>\n\n\n\n<div class=\"wp-block-columns is-layout-flex wp-container-core-columns-is-layout-9d6595d7 wp-block-columns-is-layout-flex\">\n<div class=\"wp-block-column is-layout-flow wp-block-column-is-layout-flow\"><\/div>\n\n\n\n<div class=\"wp-block-column is-layout-flow wp-block-column-is-layout-flow\"><\/div>\n<\/div>\n\n\n\n<p><\/p>\n\n\n\n<p><\/p>\n\n\n\n<p><\/p>\n\n\n\n<p><\/p>\n\n\n\n<p><\/p>\n","protected":false},"excerpt":{"rendered":"<p>Die Inseln im Golf lassen sich am besten von April bis Oktober bereisen, dann beginnt dort die Regenzeit. Auch wenn&hellip;<\/p>\n","protected":false},"author":1,"featured_media":0,"parent":0,"menu_order":0,"comment_status":"closed","ping_status":"closed","template":"","meta":{"footnotes":""},"class_list":["post-1022","page","type-page","status-publish","hentry"],"yoast_head":"<!-- This site is optimized with the Yoast SEO plugin v27.5 - https:\/\/yoast.com\/product\/yoast-seo-wordpress\/ -->\n<title>Inseln im Golf - Viersindausgeflogen<\/title>\n<meta name=\"robots\" content=\"index, follow, max-snippet:-1, max-image-preview:large, max-video-preview:-1\" \/>\n<link rel=\"canonical\" href=\"https:\/\/viersindausgeflogen.de\/?page_id=1022\" \/>\n<meta property=\"og:locale\" content=\"de_DE\" \/>\n<meta property=\"og:type\" content=\"article\" \/>\n<meta property=\"og:title\" content=\"Inseln im Golf - Viersindausgeflogen\" \/>\n<meta property=\"og:description\" content=\"Die Inseln im Golf lassen sich am besten von April bis Oktober bereisen, dann beginnt dort die Regenzeit. Auch wenn&hellip;\" \/>\n<meta property=\"og:url\" content=\"https:\/\/viersindausgeflogen.de\/?page_id=1022\" \/>\n<meta property=\"og:site_name\" content=\"Viersindausgeflogen\" \/>\n<meta property=\"article:modified_time\" content=\"2020-03-01T16:03:19+00:00\" \/>\n<meta name=\"twitter:card\" content=\"summary_large_image\" \/>\n<meta name=\"twitter:label1\" content=\"Gesch\u00e4tzte Lesezeit\" \/>\n\t<meta name=\"twitter:data1\" content=\"1\u00a0Minute\" \/>\n<script type=\"application\/ld+json\" class=\"yoast-schema-graph\">{\"@context\":\"https:\\\/\\\/schema.org\",\"@graph\":[{\"@type\":\"WebPage\",\"@id\":\"https:\\\/\\\/viersindausgeflogen.de\\\/?page_id=1022\",\"url\":\"https:\\\/\\\/viersindausgeflogen.de\\\/?page_id=1022\",\"name\":\"Inseln im Golf - Viersindausgeflogen\",\"isPartOf\":{\"@id\":\"https:\\\/\\\/viersindausgeflogen.de\\\/#website\"},\"datePublished\":\"2020-03-01T16:03:18+00:00\",\"dateModified\":\"2020-03-01T16:03:19+00:00\",\"breadcrumb\":{\"@id\":\"https:\\\/\\\/viersindausgeflogen.de\\\/?page_id=1022#breadcrumb\"},\"inLanguage\":\"de\",\"potentialAction\":[{\"@type\":\"ReadAction\",\"target\":[\"https:\\\/\\\/viersindausgeflogen.de\\\/?page_id=1022\"]}]},{\"@type\":\"BreadcrumbList\",\"@id\":\"https:\\\/\\\/viersindausgeflogen.de\\\/?page_id=1022#breadcrumb\",\"itemListElement\":[{\"@type\":\"ListItem\",\"position\":1,\"name\":\"Startseite\",\"item\":\"https:\\\/\\\/viersindausgeflogen.de\\\/\"},{\"@type\":\"ListItem\",\"position\":2,\"name\":\"Inseln im Golf\"}]},{\"@type\":\"WebSite\",\"@id\":\"https:\\\/\\\/viersindausgeflogen.de\\\/#website\",\"url\":\"https:\\\/\\\/viersindausgeflogen.de\\\/\",\"name\":\"Viersindausgeflogen\",\"description\":\"Reiseblog\",\"potentialAction\":[{\"@type\":\"SearchAction\",\"target\":{\"@type\":\"EntryPoint\",\"urlTemplate\":\"https:\\\/\\\/viersindausgeflogen.de\\\/?s={search_term_string}\"},\"query-input\":{\"@type\":\"PropertyValueSpecification\",\"valueRequired\":true,\"valueName\":\"search_term_string\"}}],\"inLanguage\":\"de\"}]}<\/script>\n<!-- \/ Yoast SEO plugin. -->","yoast_head_json":{"title":"Inseln im Golf - Viersindausgeflogen","robots":{"index":"index","follow":"follow","max-snippet":"max-snippet:-1","max-image-preview":"max-image-preview:large","max-video-preview":"max-video-preview:-1"},"canonical":"https:\/\/viersindausgeflogen.de\/?page_id=1022","og_locale":"de_DE","og_type":"article","og_title":"Inseln im Golf - Viersindausgeflogen","og_description":"Die Inseln im Golf lassen sich am besten von April bis Oktober bereisen, dann beginnt dort die Regenzeit. Auch wenn&hellip;","og_url":"https:\/\/viersindausgeflogen.de\/?page_id=1022","og_site_name":"Viersindausgeflogen","article_modified_time":"2020-03-01T16:03:19+00:00","twitter_card":"summary_large_image","twitter_misc":{"Gesch\u00e4tzte Lesezeit":"1\u00a0Minute"},"schema":{"@context":"https:\/\/schema.org","@graph":[{"@type":"WebPage","@id":"https:\/\/viersindausgeflogen.de\/?page_id=1022","url":"https:\/\/viersindausgeflogen.de\/?page_id=1022","name":"Inseln im Golf - Viersindausgeflogen","isPartOf":{"@id":"https:\/\/viersindausgeflogen.de\/#website"},"datePublished":"2020-03-01T16:03:18+00:00","dateModified":"2020-03-01T16:03:19+00:00","breadcrumb":{"@id":"https:\/\/viersindausgeflogen.de\/?page_id=1022#breadcrumb"},"inLanguage":"de","potentialAction":[{"@type":"ReadAction","target":["https:\/\/viersindausgeflogen.de\/?page_id=1022"]}]},{"@type":"BreadcrumbList","@id":"https:\/\/viersindausgeflogen.de\/?page_id=1022#breadcrumb","itemListElement":[{"@type":"ListItem","position":1,"name":"Startseite","item":"https:\/\/viersindausgeflogen.de\/"},{"@type":"ListItem","position":2,"name":"Inseln im Golf"}]},{"@type":"WebSite","@id":"https:\/\/viersindausgeflogen.de\/#website","url":"https:\/\/viersindausgeflogen.de\/","name":"Viersindausgeflogen","description":"Reiseblog","potentialAction":[{"@type":"SearchAction","target":{"@type":"EntryPoint","urlTemplate":"https:\/\/viersindausgeflogen.de\/?s={search_term_string}"},"query-input":{"@type":"PropertyValueSpecification","valueRequired":true,"valueName":"search_term_string"}}],"inLanguage":"de"}]}},"jetpack_sharing_enabled":true,"_links":{"self":[{"href":"https:\/\/viersindausgeflogen.de\/index.php?rest_route=\/wp\/v2\/pages\/1022","targetHints":{"allow":["GET"]}}],"collection":[{"href":"https:\/\/viersindausgeflogen.de\/index.php?rest_route=\/wp\/v2\/pages"}],"about":[{"href":"https:\/\/viersindausgeflogen.de\/index.php?rest_route=\/wp\/v2\/types\/page"}],"author":[{"embeddable":true,"href":"https:\/\/viersindausgeflogen.de\/index.php?rest_route=\/wp\/v2\/users\/1"}],"replies":[{"embeddable":true,"href":"https:\/\/viersindausgeflogen.de\/index.php?rest_route=%2Fwp%2Fv2%2Fcomments&post=1022"}],"version-history":[{"count":13,"href":"https:\/\/viersindausgeflogen.de\/index.php?rest_route=\/wp\/v2\/pages\/1022\/revisions"}],"predecessor-version":[{"id":1128,"href":"https:\/\/viersindausgeflogen.de\/index.php?rest_route=\/wp\/v2\/pages\/1022\/revisions\/1128"}],"wp:attachment":[{"href":"https:\/\/viersindausgeflogen.de\/index.php?rest_route=%2Fwp%2Fv2%2Fmedia&parent=1022"}],"curies":[{"name":"wp","href":"https:\/\/api.w.org\/{rel}","templated":true}]}}